{"id":2181,"date":"2024-01-10T12:15:13","date_gmt":"2024-01-10T12:15:13","guid":{"rendered":"https:\/\/ambielectric.com\/?page_id=2181"},"modified":"2025-04-07T10:58:18","modified_gmt":"2025-04-07T10:58:18","slug":"sistema-patentado-ambielectric","status":"publish","type":"page","link":"https:\/\/ambielectric.com\/en\/sistema-patentado-ambielectric\/","title":{"rendered":"Patented Ambielectric System"},"content":{"rendered":"<div data-elementor-type=\"wp-page\" data-elementor-id=\"2181\" class=\"elementor elementor-2181\" data-elementor-post-type=\"page\">\n\t\t\t\t\t\t<section class=\"elementor-section elementor-top-section elementor-element elementor-element-16e8a19 elementor-section-boxed elementor-section-height-default elementor-section-height-default\" data-id=\"16e8a19\" data-element_type=\"section\" data-e-type=\"section\" data-settings=\"{&quot;background_background&quot;:&quot;classic&quot;}\">\n\t\t\t\t\t\t\t<div class=\"elementor-background-overlay\"><\/div>\n\t\t\t\t\t\t\t<div class=\"elementor-container elementor-column-gap-default\">\n\t\t\t\t\t<div class=\"elementor-column elementor-col-100 elementor-top-column elementor-element elementor-element-30841cd\" data-id=\"30841cd\" data-element_type=\"column\" data-e-type=\"column\">\n\t\t\t<div class=\"elementor-widget-wrap elementor-element-populated\">\n\t\t\t\t\t\t\t<\/div>\n\t\t<\/div>\n\t\t\t\t\t<\/div>\n\t\t<\/section>\n\t\t\t\t<section class=\"elementor-section elementor-top-section elementor-element elementor-element-d74e212 elementor-section-boxed elementor-section-height-default elementor-section-height-default\" data-id=\"d74e212\" data-element_type=\"section\" data-e-type=\"section\">\n\t\t\t\t\t\t<div class=\"elementor-container elementor-column-gap-default\">\n\t\t\t\t\t<div class=\"elementor-column elementor-col-50 elementor-top-column elementor-element elementor-element-9d6ca87\" data-id=\"9d6ca87\" data-element_type=\"column\" data-e-type=\"column\">\n\t\t\t<div class=\"elementor-widget-wrap elementor-element-populated\">\n\t\t\t\t\t\t<div class=\"elementor-element elementor-element-6d70a84 tituloh3 elementor-widget elementor-widget-heading\" data-id=\"6d70a84\" data-element_type=\"widget\" data-e-type=\"widget\" data-widget_type=\"heading.default\">\n\t\t\t\t<div class=\"elementor-widget-container\">\n\t\t\t\t\t<h2 class=\"elementor-heading-title elementor-size-default\">Sistema Exclusivo<\/h2>\t\t\t\t<\/div>\n\t\t\t\t<\/div>\n\t\t\t\t<div class=\"elementor-element elementor-element-9b6724d elementor-widget elementor-widget-text-editor\" data-id=\"9b6724d\" data-element_type=\"widget\" data-e-type=\"widget\" data-widget_type=\"text-editor.default\">\n\t\t\t\t<div class=\"elementor-widget-container\">\n\t\t\t\t\t\t\t\t\t<p>En Ambielectric, nos enorgullece haber desarrollado y patentado un sistema \u00fanico para la ambientaci\u00f3n de espacios de tama\u00f1o medio a grande.\u00a0<\/p><p>Nuestro sistema Ambielectric es un <b>innovador m\u00e9todo de difusi\u00f3n de aromas<\/b> que permite la evaporaci\u00f3n controlada de aceites esenciales de manera constante y uniforme.<\/p>\t\t\t\t\t\t\t\t<\/div>\n\t\t\t\t<\/div>\n\t\t\t\t\t<\/div>\n\t\t<\/div>\n\t\t\t\t<div class=\"elementor-column elementor-col-50 elementor-top-column elementor-element elementor-element-a7da66a\" data-id=\"a7da66a\" data-element_type=\"column\" data-e-type=\"column\">\n\t\t\t<div class=\"elementor-widget-wrap elementor-element-populated\">\n\t\t\t\t\t\t<div class=\"elementor-element elementor-element-e2679db elementor-widget elementor-widget-image\" data-id=\"e2679db\" data-element_type=\"widget\" data-e-type=\"widget\" data-widget_type=\"image.default\">\n\t\t\t\t<div class=\"elementor-widget-container\">\n\t\t\t\t\t\t\t\t\t\t\t\t\t\t\t<img fetchpriority=\"high\" decoding=\"async\" width=\"800\" height=\"585\" src=\"https:\/\/ambielectric.com\/wp-content\/uploads\/2023\/08\/gr-intro.jpg\" class=\"attachment-full size-full wp-image-368\" alt=\"\" srcset=\"https:\/\/ambielectric.com\/wp-content\/uploads\/2023\/08\/gr-intro.jpg 800w, https:\/\/ambielectric.com\/wp-content\/uploads\/2023\/08\/gr-intro-600x439.jpg 600w, https:\/\/ambielectric.com\/wp-content\/uploads\/2023\/08\/gr-intro-300x219.jpg 300w, https:\/\/ambielectric.com\/wp-content\/uploads\/2023\/08\/gr-intro-768x562.jpg 768w\" sizes=\"(max-width: 800px) 100vw, 800px\" \/>\t\t\t\t\t\t\t\t\t\t\t\t\t\t\t<\/div>\n\t\t\t\t<\/div>\n\t\t\t\t\t<\/div>\n\t\t<\/div>\n\t\t\t\t\t<\/div>\n\t\t<\/section>\n\t\t\t\t<section class=\"elementor-section elementor-top-section elementor-element elementor-element-971c4fc elementor-section-boxed elementor-section-height-default elementor-section-height-default\" data-id=\"971c4fc\" data-element_type=\"section\" data-e-type=\"section\">\n\t\t\t\t\t\t<div class=\"elementor-container elementor-column-gap-default\">\n\t\t\t\t\t<div class=\"elementor-column elementor-col-100 elementor-top-column elementor-element elementor-element-ce17f38\" data-id=\"ce17f38\" data-element_type=\"column\" data-e-type=\"column\">\n\t\t\t<div class=\"elementor-widget-wrap elementor-element-populated\">\n\t\t\t\t\t\t<div class=\"elementor-element elementor-element-50c2ba7 tituloh3 elementor-widget elementor-widget-heading\" data-id=\"50c2ba7\" data-element_type=\"widget\" data-e-type=\"widget\" data-widget_type=\"heading.default\">\n\t\t\t\t<div class=\"elementor-widget-container\">\n\t\t\t\t\t<h2 class=\"elementor-heading-title elementor-size-default\">Ventajas del Sistema Ambielectric<\/h2>\t\t\t\t<\/div>\n\t\t\t\t<\/div>\n\t\t\t\t<section class=\"elementor-section elementor-inner-section elementor-element elementor-element-5bf85c0 elementor-section-boxed elementor-section-height-default elementor-section-height-default\" data-id=\"5bf85c0\" data-element_type=\"section\" data-e-type=\"section\">\n\t\t\t\t\t\t<div class=\"elementor-container elementor-column-gap-default\">\n\t\t\t\t\t<div class=\"elementor-column elementor-col-50 elementor-inner-column elementor-element elementor-element-c9ebebd\" data-id=\"c9ebebd\" data-element_type=\"column\" data-e-type=\"column\">\n\t\t\t<div class=\"elementor-widget-wrap elementor-element-populated\">\n\t\t\t\t\t\t<div class=\"elementor-element elementor-element-c1b8aec elementor-view-default elementor-position-block-start elementor-mobile-position-block-start elementor-widget elementor-widget-icon-box\" data-id=\"c1b8aec\" data-element_type=\"widget\" data-e-type=\"widget\" data-widget_type=\"icon-box.default\">\n\t\t\t\t<div class=\"elementor-widget-container\">\n\t\t\t\t\t\t\t<div class=\"elementor-icon-box-wrapper\">\n\n\t\t\t\t\t\t<div class=\"elementor-icon-box-icon\">\n\t\t\t\t<span  class=\"elementor-icon\">\n\t\t\t\t<i aria-hidden=\"true\" class=\"fas fa-broom\"><\/i>\t\t\t\t<\/span>\n\t\t\t<\/div>\n\t\t\t\n\t\t\t\t\t\t<div class=\"elementor-icon-box-content\">\n\n\t\t\t\t\t\t\t\t\t<h3 class=\"elementor-icon-box-title\">\n\t\t\t\t\t\t<span  >\n\t\t\t\t\t\t\tLimpieza\t\t\t\t\t\t<\/span>\n\t\t\t\t\t<\/h3>\n\t\t\t\t\n\t\t\t\t\t\t\t\t\t<p class=\"elementor-icon-box-description\">\n\t\t\t\t\t\tA diferencia de otros sistemas, Ambielectric no pulveriza part\u00edculas en suspensi\u00f3n. En su lugar, evapora la fragancia directamente en la atm\u00f3sfera, lo que resulta en un sistema limpio que no da\u00f1a la salud de las personas ni mancha los muebles o la decoraci\u00f3n.\t\t\t\t\t<\/p>\n\t\t\t\t\n\t\t\t<\/div>\n\t\t\t\n\t\t<\/div>\n\t\t\t\t\t\t<\/div>\n\t\t\t\t<\/div>\n\t\t\t\t\t<\/div>\n\t\t<\/div>\n\t\t\t\t<div class=\"elementor-column elementor-col-50 elementor-inner-column elementor-element elementor-element-fe5e547\" data-id=\"fe5e547\" data-element_type=\"column\" data-e-type=\"column\">\n\t\t\t<div class=\"elementor-widget-wrap elementor-element-populated\">\n\t\t\t\t\t\t<div class=\"elementor-element elementor-element-dd809cb elementor-view-default elementor-position-block-start elementor-mobile-position-block-start elementor-widget elementor-widget-icon-box\" data-id=\"dd809cb\" data-element_type=\"widget\" data-e-type=\"widget\" data-widget_type=\"icon-box.default\">\n\t\t\t\t<div class=\"elementor-widget-container\">\n\t\t\t\t\t\t\t<div class=\"elementor-icon-box-wrapper\">\n\n\t\t\t\t\t\t<div class=\"elementor-icon-box-icon\">\n\t\t\t\t<span  class=\"elementor-icon\">\n\t\t\t\t<i aria-hidden=\"true\" class=\"fas fa-certificate\"><\/i>\t\t\t\t<\/span>\n\t\t\t<\/div>\n\t\t\t\n\t\t\t\t\t\t<div class=\"elementor-icon-box-content\">\n\n\t\t\t\t\t\t\t\t\t<h3 class=\"elementor-icon-box-title\">\n\t\t\t\t\t\t<span  >\n\t\t\t\t\t\t\tEficiencia\t\t\t\t\t\t<\/span>\n\t\t\t\t\t<\/h3>\n\t\t\t\t\n\t\t\t\t\t\t\t\t\t<p class=\"elementor-icon-box-description\">\n\t\t\t\t\t\tComo ambientador el\u00e9ctrico, Ambielectric evapora la fragancia de manera continua y homog\u00e9nea durante m\u00e1s de 700 horas en condiciones normales de temperatura ambiente. Esto significa que siempre se percibe una fragancia agradable al entrar en la estancia donde se encuentra el aparato.\t\t\t\t\t<\/p>\n\t\t\t\t\n\t\t\t<\/div>\n\t\t\t\n\t\t<\/div>\n\t\t\t\t\t\t<\/div>\n\t\t\t\t<\/div>\n\t\t\t\t\t<\/div>\n\t\t<\/div>\n\t\t\t\t\t<\/div>\n\t\t<\/section>\n\t\t\t\t<section class=\"elementor-section elementor-inner-section elementor-element elementor-element-f0e27a1 elementor-section-boxed elementor-section-height-default elementor-section-height-default\" data-id=\"f0e27a1\" data-element_type=\"section\" data-e-type=\"section\">\n\t\t\t\t\t\t<div class=\"elementor-container elementor-column-gap-default\">\n\t\t\t\t\t<div class=\"elementor-column elementor-col-33 elementor-inner-column elementor-element elementor-element-51b1684\" data-id=\"51b1684\" data-element_type=\"column\" data-e-type=\"column\">\n\t\t\t<div class=\"elementor-widget-wrap elementor-element-populated\">\n\t\t\t\t\t\t<div class=\"elementor-element elementor-element-8dcbd98 elementor-view-default elementor-position-block-start elementor-mobile-position-block-start elementor-widget elementor-widget-icon-box\" data-id=\"8dcbd98\" data-element_type=\"widget\" data-e-type=\"widget\" data-widget_type=\"icon-box.default\">\n\t\t\t\t<div class=\"elementor-widget-container\">\n\t\t\t\t\t\t\t<div class=\"elementor-icon-box-wrapper\">\n\n\t\t\t\t\t\t<div class=\"elementor-icon-box-icon\">\n\t\t\t\t<span  class=\"elementor-icon\">\n\t\t\t\t<i aria-hidden=\"true\" class=\"fas fa-microscope\"><\/i>\t\t\t\t<\/span>\n\t\t\t<\/div>\n\t\t\t\n\t\t\t\t\t\t<div class=\"elementor-icon-box-content\">\n\n\t\t\t\t\t\t\t\t\t<h3 class=\"elementor-icon-box-title\">\n\t\t\t\t\t\t<span  >\n\t\t\t\t\t\t\tInnovaci\u00f3n\t\t\t\t\t\t<\/span>\n\t\t\t\t\t<\/h3>\n\t\t\t\t\n\t\t\t\t\t\t\t\t\t<p class=\"elementor-icon-box-description\">\n\t\t\t\t\t\tNuestro sistema de evaporaci\u00f3n el\u00e9ctrica es capaz de difundir una gran cantidad de aroma, lo que lo hace ideal para neutralizar olores y ambientar espacios amplios.\t\t\t\t\t<\/p>\n\t\t\t\t\n\t\t\t<\/div>\n\t\t\t\n\t\t<\/div>\n\t\t\t\t\t\t<\/div>\n\t\t\t\t<\/div>\n\t\t\t\t\t<\/div>\n\t\t<\/div>\n\t\t\t\t<div class=\"elementor-column elementor-col-33 elementor-inner-column elementor-element elementor-element-bc68e60\" data-id=\"bc68e60\" data-element_type=\"column\" data-e-type=\"column\">\n\t\t\t<div class=\"elementor-widget-wrap elementor-element-populated\">\n\t\t\t\t\t\t<div class=\"elementor-element elementor-element-39e83ce elementor-view-default elementor-position-block-start elementor-mobile-position-block-start elementor-widget elementor-widget-icon-box\" data-id=\"39e83ce\" data-element_type=\"widget\" data-e-type=\"widget\" data-widget_type=\"icon-box.default\">\n\t\t\t\t<div class=\"elementor-widget-container\">\n\t\t\t\t\t\t\t<div class=\"elementor-icon-box-wrapper\">\n\n\t\t\t\t\t\t<div class=\"elementor-icon-box-icon\">\n\t\t\t\t<span  class=\"elementor-icon\">\n\t\t\t\t<i aria-hidden=\"true\" class=\"fas fa-text-width\"><\/i>\t\t\t\t<\/span>\n\t\t\t<\/div>\n\t\t\t\n\t\t\t\t\t\t<div class=\"elementor-icon-box-content\">\n\n\t\t\t\t\t\t\t\t\t<h3 class=\"elementor-icon-box-title\">\n\t\t\t\t\t\t<span  >\n\t\t\t\t\t\t\tCobertura Amplia\t\t\t\t\t\t<\/span>\n\t\t\t\t\t<\/h3>\n\t\t\t\t\n\t\t\t\t\t\t\t\t\t<p class=\"elementor-icon-box-description\">\n\t\t\t\t\t\tNuestro sistema ofrece una cobertura de hasta 150 m3 en su versi\u00f3n Star y de hasta 500m3 en su versi\u00f3n Plus, lo que los hace ideales para aromatizar estancias de tama\u00f1o medio a grande.\t\t\t\t\t<\/p>\n\t\t\t\t\n\t\t\t<\/div>\n\t\t\t\n\t\t<\/div>\n\t\t\t\t\t\t<\/div>\n\t\t\t\t<\/div>\n\t\t\t\t\t<\/div>\n\t\t<\/div>\n\t\t\t\t<div class=\"elementor-column elementor-col-33 elementor-inner-column elementor-element elementor-element-c50bb88\" data-id=\"c50bb88\" data-element_type=\"column\" data-e-type=\"column\">\n\t\t\t<div class=\"elementor-widget-wrap elementor-element-populated\">\n\t\t\t\t\t\t<div class=\"elementor-element elementor-element-14a621d elementor-view-default elementor-position-block-start elementor-mobile-position-block-start elementor-widget elementor-widget-icon-box\" data-id=\"14a621d\" data-element_type=\"widget\" data-e-type=\"widget\" data-widget_type=\"icon-box.default\">\n\t\t\t\t<div class=\"elementor-widget-container\">\n\t\t\t\t\t\t\t<div class=\"elementor-icon-box-wrapper\">\n\n\t\t\t\t\t\t<div class=\"elementor-icon-box-icon\">\n\t\t\t\t<span  class=\"elementor-icon\">\n\t\t\t\t<i aria-hidden=\"true\" class=\"fas fa-coins\"><\/i>\t\t\t\t<\/span>\n\t\t\t<\/div>\n\t\t\t\n\t\t\t\t\t\t<div class=\"elementor-icon-box-content\">\n\n\t\t\t\t\t\t\t\t\t<h3 class=\"elementor-icon-box-title\">\n\t\t\t\t\t\t<span  >\n\t\t\t\t\t\t\tEconom\u00eda\t\t\t\t\t\t<\/span>\n\t\t\t\t\t<\/h3>\n\t\t\t\t\n\t\t\t\t\t\t\t\t\t<p class=\"elementor-icon-box-description\">\n\t\t\t\t\t\tUna carga de Ambielectric dura 700 horas, funcionando 24 horas al d\u00eda, y consume solo 2,8 W de electricidad. Teniendo en cuenta su gran cobertura y la menor necesidad de aparatos, Ambielectric es uno de los sistemas m\u00e1s econ\u00f3micos del mercado.\t\t\t\t\t<\/p>\n\t\t\t\t\n\t\t\t<\/div>\n\t\t\t\n\t\t<\/div>\n\t\t\t\t\t\t<\/div>\n\t\t\t\t<\/div>\n\t\t\t\t\t<\/div>\n\t\t<\/div>\n\t\t\t\t\t<\/div>\n\t\t<\/section>\n\t\t\t\t\t<\/div>\n\t\t<\/div>\n\t\t\t\t\t<\/div>\n\t\t<\/section>\n\t\t\t\t<\/div>","protected":false},"excerpt":{"rendered":"<p>Sistema Exclusivo En Ambielectric, nos enorgullece haber desarrollado y patentado un sistema \u00fanico para la ambientaci\u00f3n de espacios de tama\u00f1o medio a grande.\u00a0 Nuestro sistema Ambielectric es un innovador m\u00e9todo de difusi\u00f3n de aromas que permite la evaporaci\u00f3n controlada de aceites esenciales de manera constante y uniforme. Ventajas del Sistema Ambielectric Limpieza A diferencia de [&hellip;]<\/p>\n","protected":false},"author":1,"featured_media":0,"parent":0,"menu_order":0,"comment_status":"closed","ping_status":"closed","template":"","meta":{"footnotes":""},"class_list":["post-2181","page","type-page","status-publish","hentry"],"yoast_head":"<!-- This site is optimized with the Yoast SEO plugin v27.3 - https:\/\/yoast.com\/product\/yoast-seo-wordpress\/ -->\n<title>Sistema Patentado Ambielectric - Ambielectric<\/title>\n<meta name=\"robots\" content=\"index, follow, max-snippet:-1, max-image-preview:large, max-video-preview:-1\" \/>\n<link rel=\"canonical\" href=\"https:\/\/ambielectric.com\/en\/sistema-patentado-ambielectric\/\" \/>\n<meta property=\"og:locale\" content=\"en_GB\" \/>\n<meta property=\"og:type\" content=\"article\" \/>\n<meta property=\"og:title\" content=\"Sistema Patentado Ambielectric - Ambielectric\" \/>\n<meta property=\"og:description\" content=\"Sistema Exclusivo En Ambielectric, nos enorgullece haber desarrollado y patentado un sistema \u00fanico para la ambientaci\u00f3n de espacios de tama\u00f1o medio a grande.\u00a0 Nuestro sistema Ambielectric es un innovador m\u00e9todo de difusi\u00f3n de aromas que permite la evaporaci\u00f3n controlada de aceites esenciales de manera constante y uniforme. Ventajas del Sistema Ambielectric Limpieza A diferencia de [&hellip;]\" \/>\n<meta property=\"og:url\" content=\"https:\/\/ambielectric.com\/en\/sistema-patentado-ambielectric\/\" \/>\n<meta property=\"og:site_name\" content=\"Ambielectric\" \/>\n<meta property=\"article:modified_time\" content=\"2025-04-07T10:58:18+00:00\" \/>\n<meta property=\"og:image\" content=\"https:\/\/ambielectric.com\/wp-content\/uploads\/2023\/08\/gr-intro.jpg\" \/>\n\t<meta property=\"og:image:width\" content=\"800\" \/>\n\t<meta property=\"og:image:height\" content=\"585\" \/>\n\t<meta property=\"og:image:type\" content=\"image\/jpeg\" \/>\n<meta name=\"twitter:card\" content=\"summary_large_image\" \/>\n<meta name=\"twitter:label1\" content=\"Estimated reading time\" \/>\n\t<meta name=\"twitter:data1\" content=\"1 minute\" \/>\n<script type=\"application\/ld+json\" class=\"yoast-schema-graph\">{\"@context\":\"https:\\\/\\\/schema.org\",\"@graph\":[{\"@type\":\"WebPage\",\"@id\":\"https:\\\/\\\/ambielectric.com\\\/sistema-patentado-ambielectric\\\/\",\"url\":\"https:\\\/\\\/ambielectric.com\\\/sistema-patentado-ambielectric\\\/\",\"name\":\"Sistema Patentado Ambielectric - Ambielectric\",\"isPartOf\":{\"@id\":\"https:\\\/\\\/ambielectric.com\\\/#website\"},\"primaryImageOfPage\":{\"@id\":\"https:\\\/\\\/ambielectric.com\\\/sistema-patentado-ambielectric\\\/#primaryimage\"},\"image\":{\"@id\":\"https:\\\/\\\/ambielectric.com\\\/sistema-patentado-ambielectric\\\/#primaryimage\"},\"thumbnailUrl\":\"https:\\\/\\\/ambielectric.com\\\/wp-content\\\/uploads\\\/2023\\\/08\\\/gr-intro.jpg\",\"datePublished\":\"2024-01-10T12:15:13+00:00\",\"dateModified\":\"2025-04-07T10:58:18+00:00\",\"breadcrumb\":{\"@id\":\"https:\\\/\\\/ambielectric.com\\\/sistema-patentado-ambielectric\\\/#breadcrumb\"},\"inLanguage\":\"en-GB\",\"potentialAction\":[{\"@type\":\"ReadAction\",\"target\":[\"https:\\\/\\\/ambielectric.com\\\/sistema-patentado-ambielectric\\\/\"]}]},{\"@type\":\"ImageObject\",\"inLanguage\":\"en-GB\",\"@id\":\"https:\\\/\\\/ambielectric.com\\\/sistema-patentado-ambielectric\\\/#primaryimage\",\"url\":\"https:\\\/\\\/ambielectric.com\\\/wp-content\\\/uploads\\\/2023\\\/08\\\/gr-intro.jpg\",\"contentUrl\":\"https:\\\/\\\/ambielectric.com\\\/wp-content\\\/uploads\\\/2023\\\/08\\\/gr-intro.jpg\"},{\"@type\":\"BreadcrumbList\",\"@id\":\"https:\\\/\\\/ambielectric.com\\\/sistema-patentado-ambielectric\\\/#breadcrumb\",\"itemListElement\":[{\"@type\":\"ListItem\",\"position\":1,\"name\":\"Portada\",\"item\":\"https:\\\/\\\/ambielectric.com\\\/\"},{\"@type\":\"ListItem\",\"position\":2,\"name\":\"Sistema Patentado Ambielectric\"}]},{\"@type\":\"WebSite\",\"@id\":\"https:\\\/\\\/ambielectric.com\\\/#website\",\"url\":\"https:\\\/\\\/ambielectric.com\\\/\",\"name\":\"Ambielectric\",\"description\":\"Ambielectric Especialistas en Aromatizaci\u00f3n de Espacios\",\"publisher\":{\"@id\":\"https:\\\/\\\/ambielectric.com\\\/#organization\"},\"potentialAction\":[{\"@type\":\"SearchAction\",\"target\":{\"@type\":\"EntryPoint\",\"urlTemplate\":\"https:\\\/\\\/ambielectric.com\\\/?s={search_term_string}\"},\"query-input\":{\"@type\":\"PropertyValueSpecification\",\"valueRequired\":true,\"valueName\":\"search_term_string\"}}],\"inLanguage\":\"en-GB\"},{\"@type\":\"Organization\",\"@id\":\"https:\\\/\\\/ambielectric.com\\\/#organization\",\"name\":\"Ambielectric\",\"url\":\"https:\\\/\\\/ambielectric.com\\\/\",\"logo\":{\"@type\":\"ImageObject\",\"inLanguage\":\"en-GB\",\"@id\":\"https:\\\/\\\/ambielectric.com\\\/#\\\/schema\\\/logo\\\/image\\\/\",\"url\":\"https:\\\/\\\/ambielectric.com\\\/wp-content\\\/uploads\\\/2022\\\/11\\\/logo.png\",\"contentUrl\":\"https:\\\/\\\/ambielectric.com\\\/wp-content\\\/uploads\\\/2022\\\/11\\\/logo.png\",\"width\":232,\"height\":50,\"caption\":\"Ambielectric\"},\"image\":{\"@id\":\"https:\\\/\\\/ambielectric.com\\\/#\\\/schema\\\/logo\\\/image\\\/\"}}]}<\/script>\n<!-- \/ Yoast SEO plugin. -->","yoast_head_json":{"title":"Sistema Patentado Ambielectric - Ambielectric","robots":{"index":"index","follow":"follow","max-snippet":"max-snippet:-1","max-image-preview":"max-image-preview:large","max-video-preview":"max-video-preview:-1"},"canonical":"https:\/\/ambielectric.com\/en\/sistema-patentado-ambielectric\/","og_locale":"en_GB","og_type":"article","og_title":"Sistema Patentado Ambielectric - Ambielectric","og_description":"Sistema Exclusivo En Ambielectric, nos enorgullece haber desarrollado y patentado un sistema \u00fanico para la ambientaci\u00f3n de espacios de tama\u00f1o medio a grande.\u00a0 Nuestro sistema Ambielectric es un innovador m\u00e9todo de difusi\u00f3n de aromas que permite la evaporaci\u00f3n controlada de aceites esenciales de manera constante y uniforme. Ventajas del Sistema Ambielectric Limpieza A diferencia de [&hellip;]","og_url":"https:\/\/ambielectric.com\/en\/sistema-patentado-ambielectric\/","og_site_name":"Ambielectric","article_modified_time":"2025-04-07T10:58:18+00:00","og_image":[{"width":800,"height":585,"url":"https:\/\/ambielectric.com\/wp-content\/uploads\/2023\/08\/gr-intro.jpg","type":"image\/jpeg"}],"twitter_card":"summary_large_image","twitter_misc":{"Estimated reading time":"1 minute"},"schema":{"@context":"https:\/\/schema.org","@graph":[{"@type":"WebPage","@id":"https:\/\/ambielectric.com\/sistema-patentado-ambielectric\/","url":"https:\/\/ambielectric.com\/sistema-patentado-ambielectric\/","name":"Sistema Patentado Ambielectric - Ambielectric","isPartOf":{"@id":"https:\/\/ambielectric.com\/#website"},"primaryImageOfPage":{"@id":"https:\/\/ambielectric.com\/sistema-patentado-ambielectric\/#primaryimage"},"image":{"@id":"https:\/\/ambielectric.com\/sistema-patentado-ambielectric\/#primaryimage"},"thumbnailUrl":"https:\/\/ambielectric.com\/wp-content\/uploads\/2023\/08\/gr-intro.jpg","datePublished":"2024-01-10T12:15:13+00:00","dateModified":"2025-04-07T10:58:18+00:00","breadcrumb":{"@id":"https:\/\/ambielectric.com\/sistema-patentado-ambielectric\/#breadcrumb"},"inLanguage":"en-GB","potentialAction":[{"@type":"ReadAction","target":["https:\/\/ambielectric.com\/sistema-patentado-ambielectric\/"]}]},{"@type":"ImageObject","inLanguage":"en-GB","@id":"https:\/\/ambielectric.com\/sistema-patentado-ambielectric\/#primaryimage","url":"https:\/\/ambielectric.com\/wp-content\/uploads\/2023\/08\/gr-intro.jpg","contentUrl":"https:\/\/ambielectric.com\/wp-content\/uploads\/2023\/08\/gr-intro.jpg"},{"@type":"BreadcrumbList","@id":"https:\/\/ambielectric.com\/sistema-patentado-ambielectric\/#breadcrumb","itemListElement":[{"@type":"ListItem","position":1,"name":"Portada","item":"https:\/\/ambielectric.com\/"},{"@type":"ListItem","position":2,"name":"Sistema Patentado Ambielectric"}]},{"@type":"WebSite","@id":"https:\/\/ambielectric.com\/#website","url":"https:\/\/ambielectric.com\/","name":"Ambielectric","description":"Ambielectric Especialistas en Aromatizaci\u00f3n de Espacios","publisher":{"@id":"https:\/\/ambielectric.com\/#organization"},"potentialAction":[{"@type":"SearchAction","target":{"@type":"EntryPoint","urlTemplate":"https:\/\/ambielectric.com\/?s={search_term_string}"},"query-input":{"@type":"PropertyValueSpecification","valueRequired":true,"valueName":"search_term_string"}}],"inLanguage":"en-GB"},{"@type":"Organization","@id":"https:\/\/ambielectric.com\/#organization","name":"Ambielectric","url":"https:\/\/ambielectric.com\/","logo":{"@type":"ImageObject","inLanguage":"en-GB","@id":"https:\/\/ambielectric.com\/#\/schema\/logo\/image\/","url":"https:\/\/ambielectric.com\/wp-content\/uploads\/2022\/11\/logo.png","contentUrl":"https:\/\/ambielectric.com\/wp-content\/uploads\/2022\/11\/logo.png","width":232,"height":50,"caption":"Ambielectric"},"image":{"@id":"https:\/\/ambielectric.com\/#\/schema\/logo\/image\/"}}]}},"_links":{"self":[{"href":"https:\/\/ambielectric.com\/en\/wp-json\/wp\/v2\/pages\/2181","targetHints":{"allow":["GET"]}}],"collection":[{"href":"https:\/\/ambielectric.com\/en\/wp-json\/wp\/v2\/pages"}],"about":[{"href":"https:\/\/ambielectric.com\/en\/wp-json\/wp\/v2\/types\/page"}],"author":[{"embeddable":true,"href":"https:\/\/ambielectric.com\/en\/wp-json\/wp\/v2\/users\/1"}],"replies":[{"embeddable":true,"href":"https:\/\/ambielectric.com\/en\/wp-json\/wp\/v2\/comments?post=2181"}],"version-history":[{"count":58,"href":"https:\/\/ambielectric.com\/en\/wp-json\/wp\/v2\/pages\/2181\/revisions"}],"predecessor-version":[{"id":6068,"href":"https:\/\/ambielectric.com\/en\/wp-json\/wp\/v2\/pages\/2181\/revisions\/6068"}],"wp:attachment":[{"href":"https:\/\/ambielectric.com\/en\/wp-json\/wp\/v2\/media?parent=2181"}],"curies":[{"name":"wp","href":"https:\/\/api.w.org\/{rel}","templated":true}]}}