{"id":3,"date":"2022-11-28T06:52:31","date_gmt":"2022-11-28T06:52:31","guid":{"rendered":"https:\/\/ambielectric.com\/?page_id=3"},"modified":"2024-10-28T16:57:27","modified_gmt":"2024-10-28T16:57:27","slug":"politica-de-privacidad","status":"publish","type":"page","link":"https:\/\/ambielectric.com\/en\/politica-de-privacidad\/","title":{"rendered":"Privacy Policy"},"content":{"rendered":"<div data-elementor-type=\"wp-page\" data-elementor-id=\"3\" class=\"elementor elementor-3\" data-elementor-post-type=\"page\">\n\t\t\t\t\t\t<section class=\"elementor-section elementor-top-section elementor-element elementor-element-7bff2dc elementor-section-boxed elementor-section-height-default elementor-section-height-default\" data-id=\"7bff2dc\" data-element_type=\"section\" data-e-type=\"section\">\n\t\t\t\t\t\t<div class=\"elementor-container elementor-column-gap-default\">\n\t\t\t\t\t<div class=\"elementor-column elementor-col-100 elementor-top-column elementor-element elementor-element-0596aed\" data-id=\"0596aed\" data-element_type=\"column\" data-e-type=\"column\">\n\t\t\t<div class=\"elementor-widget-wrap elementor-element-populated\">\n\t\t\t\t\t\t<div class=\"elementor-element elementor-element-36b9614 elementor-widget elementor-widget-text-editor\" data-id=\"36b9614\" data-element_type=\"widget\" data-e-type=\"widget\" data-widget_type=\"text-editor.default\">\n\t\t\t\t<div class=\"elementor-widget-container\">\n\t\t\t\t\t\t\t\t\t<h2>Datos del propietario de la web:<\/h2><p>RAZ\u00d3N SOCIAL: <strong>INVICTA AMBIENTACION SL <\/strong><\/p><p>NIF: <strong>B84209766 <\/strong><\/p><p>DOMINIO: <strong>https:\/\/ambielectric.com <\/strong><\/p><p>DIRECCI\u00d3N\u00a0POSTAL:<b> C\/ RIO JUCAR 26 F, 03007 ALICANTE (ALICANTE) <\/b><\/p><p>DIRECCI\u00d3N ELECTR\u00d3NICA: <strong>info@ambielectric.com <\/strong><\/p><p>TEL\u00c9FONOS: <strong>965681885 <\/strong><\/p><p>N\u00ba REGISTRO\/ DATOS ADICIONALES: <strong>Tomo: 2890 | Folio: 72 | Hoja: A-89756<\/strong><\/p><h2>Protecci\u00f3n de datos<\/h2><p>De conformidad con la normativa vigente y aplicable en protecci\u00f3n de datos de car\u00e1cter personal, le informamos que sus datos ser\u00e1n incorporados al sistema de tratamiento titularidad de INVICTA AMBIENTACION SL con NIF B84209766 y domicilio social sito en CL RIO JUCAR 26 F,03007 ALICANTE(ALICANTE), y que a continuaci\u00f3n se relacionan sus respectivas finalidades, plazos de conservaci\u00f3n y bases legitimadoras:<\/p><h3>TRATAMIENTOS REALIZADOS<\/h3><h4>Registro de los usuarios:<\/h4><p><b>Finalidad<\/b>: Captaci\u00f3n, registro y tratamiento de datos para poder registrarse como usuario\u00a0<\/p><p><b>Plazo de conservaci\u00f3n<\/b>: mientras se mantenga el consentimiento prestado, salvo obligaci\u00f3n legal.\u00a0<\/p><p><b>Base leg\u00edtima<\/b>: El consentimiento del interesado.\u00a0<\/p><p><b>Tipolog\u00eda de Datos<\/b>: Datos b\u00e1sicos: Nombre y apellidos, Tel\u00e9fono, NIF, Direcci\u00f3n postal, Direcci\u00f3n electr\u00f3nica.<\/p><h4>Gesti\u00f3n de compra de productos online<\/h4><p><b>Finalidad<\/b>: Captaci\u00f3n, registro y tratamiento de datos para poder gestionar el pago y env\u00edo de los productos\u00a0<\/p><p><b>Plazo de conservaci\u00f3n<\/b>: 5 a\u00f1os en cumplimiento de la ley tributaria y 10 a\u00f1os la documentaci\u00f3n fiscal en cumplimiento de la L.O. 7\/2012.\u00a0<\/p><p><b>Base leg\u00edtima<\/b>: El cumplimiento de una ley.\u00a0<\/p><p><b>Tipolog\u00eda de Datos<\/b>: Datos b\u00e1sicos: Nombre y apellidos, Direcci\u00f3n postal, Direcci\u00f3n electr\u00f3nica, Firma, Datos econ\u00f3micos o de seguros\u00a0<\/p><p><b>Cesiones<\/b>: sus datos ser\u00e1n comunicados en caso de ser necesario a Agencia Tributaria, Bancos, Cajas y Organismos y\/o administraci\u00f3n p\u00fablica con competencia en la materia con la finalidad de cumplir con las obligaciones tributarias y fiscales establecidas en la normativa aplicable. Adem\u00e1s, se informa q<span style=\"font-size: 1rem;\">ue la base legitimadora de la cesi\u00f3n es el cumplimiento de una ley. el inter\u00e9s leg\u00edtimo.<\/span><\/p><h4>Gesti\u00f3n usuarios web<\/h4><p><strong>Finalidad<\/strong>: Captaci\u00f3n, registro y tratamiento de datos del usuario<\/p><p><strong>Plazo de conservaci\u00f3n<\/strong>: mientras se mantenga el consentimiento prestado, salvo obligaci\u00f3n legal.<\/p><p><strong>Base leg\u00edtima<\/strong>: El consentimiento del interesado. Tipolog\u00eda de Datos: Datos b\u00e1sicos: Nombre y apellidos, Direcci\u00f3n electr\u00f3nica<\/p><h4>Newsletter<\/h4><p><strong>Finalidad<\/strong>: Gesti\u00f3n de la suscripci\u00f3n a la newsletter, para realizar los env\u00edos correspondientes.<\/p><p><strong>Plazo de conservaci\u00f3n<\/strong>: mientras se mantenga el consentimiento prestado.<\/p><p><strong>Base leg\u00edtima<\/strong>: El consentimiento del interesado.<\/p><p><strong>Tipolog\u00eda de Datos<\/strong>: Datos b\u00e1sicos: Nombre y apellidos, Direcci\u00f3n electr\u00f3nica.<\/p><h4>Instalaci\u00f3n de cookies<\/h4><p><strong>Finalidad<\/strong>: Gesti\u00f3n e instalaci\u00f3n de las cookies<\/p><p><strong>Plazo de conservaci\u00f3n<\/strong>: mientras se mantenga el consentimiento prestado.<\/p><p><strong>Base leg\u00edtima<\/strong>: El consentimiento del interesado.<\/p><p><strong>Tipolog\u00eda de Datos<\/strong>: Datos b\u00e1sicos: Direcci\u00f3n electr\u00f3nica, Direcci\u00f3n IP<\/p><h4>Gesti\u00f3n Formulario web<\/h4><p><strong>Finalidad<\/strong>: Atender sus consultas y\/o solicitudes<\/p><p><strong>Plazo de conservaci\u00f3n<\/strong>: mientras se mantenga el consentimiento prestado.<\/p><p><strong>Base leg\u00edtima<\/strong>: El consentimiento del interesado.<\/p><p><strong>Tipolog\u00eda de Datos<\/strong>: Datos b\u00e1sicos: Nombre y apellidos, Direcci\u00f3n electr\u00f3nica, Direcci\u00f3n IP<\/p><h2>Derechos de los interesados<\/h2><p>INVICTA AMBIENTACION SL informa a los Usuarios que, podr\u00e1 ejercer los derechos de acceso, rectificaci\u00f3n, limitaci\u00f3n, supresi\u00f3n, portabilidad, oposici\u00f3n al tratamiento de sus datos de car\u00e1cter personal y el derecho a no ser objeto de decisiones automatizadas, incluida la elaboraci\u00f3n de perfiles, ante el Responsable del Tratamiento, as\u00ed como a la retirada del consentimiento prestado.<\/p><ul><li><strong>Derecho de Acceso<\/strong>: Es el derecho del usuario a obtener confirmaci\u00f3n sobre si se est\u00e1n tratando sus datos y, en tal caso, los concretos datos personales tratados y la informaci\u00f3n legal del tratamiento (finalidades, base legitimadora, plazos de conservaci\u00f3n, cesiones, origen de los datos, etc.).<\/li><li><strong>Derecho de Rectificaci\u00f3n<\/strong>: Es el derecho del afectado a que se modifiquen los datos que resulten ser inexactos o incompletos. En relaci\u00f3n a la p\u00e1gina web, s\u00f3lo podr\u00e1 satisfacerse en relaci\u00f3n a aquella informaci\u00f3n que se encuentre bajo el control del sitio web, por ejemplo, eliminar comentarios publicados en la propia p\u00e1gina, im\u00e1genes o contenidos web donde consten datos de car\u00e1cter personal del usuario.<\/li><li><strong>Derecho a la Limitaci\u00f3n de tratamiento<\/strong>: Es el derecho a que se limiten los fines del tratamiento previstos de forma original por el responsable del tratamiento en determinados supuestos.<\/li><li><strong>Derecho de Supresi\u00f3n<\/strong>: Es el derecho a suprimir los datos de car\u00e1cter personal del usuario, a excepci\u00f3n de lo previsto en el propio RGPD (libertad de expresi\u00f3n e informaci\u00f3n, obligaciones de conservaci\u00f3n, formulaci\u00f3n, ejercicio o defensa de reclamaciones, etc.).<\/li><li><strong>Derecho a la Portabilidad<\/strong>: El derecho a recibir los datos personales que el usuario haya facilitado, en un formato estructurado, de uso com\u00fan y lectura mec\u00e1nica, y a transmitirlos a otro responsable cuando el tratamiento est\u00e1 basado en el consentimiento o en la ejecuci\u00f3n de un contrato y se efect\u00fae por medios automatizados.<\/li><li><strong>Derecho de Oposici\u00f3n<\/strong>: Es el derecho del usuario a que no se lleve a cabo el tratamiento de sus datos de car\u00e1cter personal o se cese el tratamiento de los mismos por parte del sitio web cuando el tratamiento est\u00e9 basado en el inter\u00e9s leg\u00edtimo o el inter\u00e9s p\u00fablico o cuando se trate de tratamientos de mercadotecnia directa.<\/li><li><strong>Derecho a no ser objeto de decisiones automatizadas, incluida la elaboraci\u00f3n de perfiles<\/strong>: Cuando el tratamiento no es necesario para la celebraci\u00f3n o ejecuci\u00f3n de un contrato, ni est\u00e1 autorizada por el Derecho de la Uni\u00f3n Europea o de los Estados miembros ni se basa en el consentimiento, tiene derecho a no ser objeto de una decisi\u00f3n basada \u00fanicamente en el tratamiento automatizado, incluida la elaboraci\u00f3n de perfiles, que produzca efectos jur\u00eddicos o le afecte significativamente de modo similar.<\/li><li><strong>Derecho a retirar el consentimiento<\/strong>: Para cualquier tratamiento basado en su consentimiento, tiene derecho a retirarlo, en cualquier momento y de manera gratuita.<\/li><\/ul><p style=\"margin-top: 30px;\">Para ejercer cualquiera de los derechos en materia de protecci\u00f3n de datos descritos anteriormente deber\u00e1 seguir las siguientes indicaciones:<\/p><ul><li>Presentaci\u00f3n de un escrito a la direcci\u00f3n CL RIO JUCAR 26 F,03007 ALICANTE(ALICANTE) (a la atenci\u00f3n de INVICTA AMBIENTACION SL) o bien a trav\u00e9s de correo electr\u00f3nico a por correo electr\u00f3nico a info@ambielectric.com .<\/li><li>El escrito remitido por el titular de los datos personales (interesado\/a) que solicite el ejercicio de derechos deber\u00e1 tener en cuenta lo siguiente:<ul><li>Deber\u00e1 identificarse fehacientemente y, en el caso de que concurran dudas sobre la identidad del solicitante, se le solicitar\u00e1 que subsane la petici\u00f3n (p. ej. solicitando m\u00e1s informaci\u00f3n, como el n\u00famero de DNI, el documento del DNI, el correo electr\u00f3nico que aport\u00f3, etc.)<\/li><li>La solicitud puede realizarla el representante, legal o voluntario, cuando \u00e9ste est\u00e9 debidamente identificado y autorizado por el titular de los datos (mediante una autorizaci\u00f3n expresa del titular para ejercer los derechos personal\u00edsimos regulados en la normativa en materia de protecci\u00f3n de datos personales).<\/li><li>Petici\u00f3n en que se concreta la solicitud (Derecho\/s que se pretende\/n ejercer). Si no hace referencia a un tratamiento concreto se le facilitar\u00e1 respuesta en relaci\u00f3n a todos los tratamientos que afectan a sus datos de car\u00e1cter personal. Si solicita informaci\u00f3n de un tratamiento en concreto, s\u00f3lo la informaci\u00f3n de \u00e9ste. Si lo solicita por tel\u00e9fono se le indicar\u00e1 que lo haga por escrito y se le informar\u00e1 de c\u00f3mo lo puede hacer y la direcci\u00f3n a la que tiene que enviarlo. Nunca se le dar\u00e1 informaci\u00f3n por tel\u00e9fono.<\/li><li>Direcci\u00f3n postal o electr\u00f3nica a efectos de notificaciones.<\/li><li>Documentos acreditativos de la petici\u00f3n que formula, en caso de que sean necesarios.<\/li><li>La persona solicitante debe utilizar cualquier medio que permita acreditar el env\u00edo y la recepci\u00f3n de la solicitud.<\/li><\/ul><\/li><\/ul><p style=\"margin-top: 30px;\">Por \u00faltimo, le informamos que tiene derecho a presentar una reclamaci\u00f3n ante la Agencia Espa\u00f1ola de Protecci\u00f3n de Datos en caso de que tenga conocimiento o considere que un hecho pueda suponer un incumplimiento de la normativa aplicable en materia de protecci\u00f3n de datos.<\/p><p>INVICTA AMBIENTACION SL se compromete a adoptar las medidas t\u00e9cnicas y organizativas necesarias, acorde al nivel de riesgos que acompa\u00f1an los tratamientos realizados por \u00e9stas e indicados en el apartado de los t\u00e9rminos y condiciones de uso, de forma que garanticen su integridad, confidencialidad y disponibilidad.<\/p>\t\t\t\t\t\t\t\t<\/div>\n\t\t\t\t<\/div>\n\t\t\t\t\t<\/div>\n\t\t<\/div>\n\t\t\t\t\t<\/div>\n\t\t<\/section>\n\t\t\t\t<\/div>","protected":false},"excerpt":{"rendered":"<p>Datos del propietario de la web: RAZ\u00d3N SOCIAL: INVICTA AMBIENTACION SL NIF: B84209766 DOMINIO: https:\/\/ambielectric.com DIRECCI\u00d3N\u00a0POSTAL: C\/ RIO JUCAR 26 F, 03007 ALICANTE (ALICANTE) DIRECCI\u00d3N ELECTR\u00d3NICA: info@ambielectric.com TEL\u00c9FONOS: 965681885 N\u00ba REGISTRO\/ DATOS ADICIONALES: Tomo: 2890 | Folio: 72 | Hoja: A-89756 Protecci\u00f3n de datos De conformidad con la normativa vigente y aplicable en protecci\u00f3n de [&hellip;]<\/p>\n","protected":false},"author":1,"featured_media":0,"parent":0,"menu_order":0,"comment_status":"closed","ping_status":"closed","template":"","meta":{"footnotes":""},"class_list":["post-3","page","type-page","status-publish","hentry"],"yoast_head":"<!-- This site is optimized with the Yoast SEO plugin v27.3 - https:\/\/yoast.com\/product\/yoast-seo-wordpress\/ -->\n<title>Pol\u00edtica de privacidad - Ambielectric<\/title>\n<meta name=\"robots\" content=\"index, follow, max-snippet:-1, max-image-preview:large, max-video-preview:-1\" \/>\n<link rel=\"canonical\" href=\"https:\/\/ambielectric.com\/en\/politica-de-privacidad\/\" \/>\n<meta property=\"og:locale\" content=\"en_GB\" \/>\n<meta property=\"og:type\" content=\"article\" \/>\n<meta property=\"og:title\" content=\"Pol\u00edtica de privacidad - Ambielectric\" \/>\n<meta property=\"og:description\" content=\"Datos del propietario de la web: RAZ\u00d3N SOCIAL: INVICTA AMBIENTACION SL NIF: B84209766 DOMINIO: https:\/\/ambielectric.com DIRECCI\u00d3N\u00a0POSTAL: C\/ RIO JUCAR 26 F, 03007 ALICANTE (ALICANTE) DIRECCI\u00d3N ELECTR\u00d3NICA: info@ambielectric.com TEL\u00c9FONOS: 965681885 N\u00ba REGISTRO\/ DATOS ADICIONALES: Tomo: 2890 | Folio: 72 | Hoja: A-89756 Protecci\u00f3n de datos De conformidad con la normativa vigente y aplicable en protecci\u00f3n de [&hellip;]\" \/>\n<meta property=\"og:url\" content=\"https:\/\/ambielectric.com\/en\/politica-de-privacidad\/\" \/>\n<meta property=\"og:site_name\" content=\"Ambielectric\" \/>\n<meta property=\"article:modified_time\" content=\"2024-10-28T16:57:27+00:00\" \/>\n<meta name=\"twitter:card\" content=\"summary_large_image\" \/>\n<meta name=\"twitter:label1\" content=\"Estimated reading time\" \/>\n\t<meta name=\"twitter:data1\" content=\"6 minutes\" \/>\n<script type=\"application\/ld+json\" class=\"yoast-schema-graph\">{\"@context\":\"https:\\\/\\\/schema.org\",\"@graph\":[{\"@type\":\"WebPage\",\"@id\":\"https:\\\/\\\/ambielectric.com\\\/politica-de-privacidad\\\/\",\"url\":\"https:\\\/\\\/ambielectric.com\\\/politica-de-privacidad\\\/\",\"name\":\"Pol\u00edtica de privacidad - Ambielectric\",\"isPartOf\":{\"@id\":\"https:\\\/\\\/ambielectric.com\\\/#website\"},\"datePublished\":\"2022-11-28T06:52:31+00:00\",\"dateModified\":\"2024-10-28T16:57:27+00:00\",\"breadcrumb\":{\"@id\":\"https:\\\/\\\/ambielectric.com\\\/politica-de-privacidad\\\/#breadcrumb\"},\"inLanguage\":\"en-GB\",\"potentialAction\":[{\"@type\":\"ReadAction\",\"target\":[\"https:\\\/\\\/ambielectric.com\\\/politica-de-privacidad\\\/\"]}]},{\"@type\":\"BreadcrumbList\",\"@id\":\"https:\\\/\\\/ambielectric.com\\\/politica-de-privacidad\\\/#breadcrumb\",\"itemListElement\":[{\"@type\":\"ListItem\",\"position\":1,\"name\":\"Portada\",\"item\":\"https:\\\/\\\/ambielectric.com\\\/\"},{\"@type\":\"ListItem\",\"position\":2,\"name\":\"Pol\u00edtica de privacidad\"}]},{\"@type\":\"WebSite\",\"@id\":\"https:\\\/\\\/ambielectric.com\\\/#website\",\"url\":\"https:\\\/\\\/ambielectric.com\\\/\",\"name\":\"Ambielectric\",\"description\":\"Ambielectric Especialistas en Aromatizaci\u00f3n de Espacios\",\"publisher\":{\"@id\":\"https:\\\/\\\/ambielectric.com\\\/#organization\"},\"potentialAction\":[{\"@type\":\"SearchAction\",\"target\":{\"@type\":\"EntryPoint\",\"urlTemplate\":\"https:\\\/\\\/ambielectric.com\\\/?s={search_term_string}\"},\"query-input\":{\"@type\":\"PropertyValueSpecification\",\"valueRequired\":true,\"valueName\":\"search_term_string\"}}],\"inLanguage\":\"en-GB\"},{\"@type\":\"Organization\",\"@id\":\"https:\\\/\\\/ambielectric.com\\\/#organization\",\"name\":\"Ambielectric\",\"url\":\"https:\\\/\\\/ambielectric.com\\\/\",\"logo\":{\"@type\":\"ImageObject\",\"inLanguage\":\"en-GB\",\"@id\":\"https:\\\/\\\/ambielectric.com\\\/#\\\/schema\\\/logo\\\/image\\\/\",\"url\":\"https:\\\/\\\/ambielectric.com\\\/wp-content\\\/uploads\\\/2022\\\/11\\\/logo.png\",\"contentUrl\":\"https:\\\/\\\/ambielectric.com\\\/wp-content\\\/uploads\\\/2022\\\/11\\\/logo.png\",\"width\":232,\"height\":50,\"caption\":\"Ambielectric\"},\"image\":{\"@id\":\"https:\\\/\\\/ambielectric.com\\\/#\\\/schema\\\/logo\\\/image\\\/\"}}]}<\/script>\n<!-- \/ Yoast SEO plugin. -->","yoast_head_json":{"title":"Pol\u00edtica de privacidad - Ambielectric","robots":{"index":"index","follow":"follow","max-snippet":"max-snippet:-1","max-image-preview":"max-image-preview:large","max-video-preview":"max-video-preview:-1"},"canonical":"https:\/\/ambielectric.com\/en\/politica-de-privacidad\/","og_locale":"en_GB","og_type":"article","og_title":"Pol\u00edtica de privacidad - Ambielectric","og_description":"Datos del propietario de la web: RAZ\u00d3N SOCIAL: INVICTA AMBIENTACION SL NIF: B84209766 DOMINIO: https:\/\/ambielectric.com DIRECCI\u00d3N\u00a0POSTAL: C\/ RIO JUCAR 26 F, 03007 ALICANTE (ALICANTE) DIRECCI\u00d3N ELECTR\u00d3NICA: info@ambielectric.com TEL\u00c9FONOS: 965681885 N\u00ba REGISTRO\/ DATOS ADICIONALES: Tomo: 2890 | Folio: 72 | Hoja: A-89756 Protecci\u00f3n de datos De conformidad con la normativa vigente y aplicable en protecci\u00f3n de [&hellip;]","og_url":"https:\/\/ambielectric.com\/en\/politica-de-privacidad\/","og_site_name":"Ambielectric","article_modified_time":"2024-10-28T16:57:27+00:00","twitter_card":"summary_large_image","twitter_misc":{"Estimated reading time":"6 minutes"},"schema":{"@context":"https:\/\/schema.org","@graph":[{"@type":"WebPage","@id":"https:\/\/ambielectric.com\/politica-de-privacidad\/","url":"https:\/\/ambielectric.com\/politica-de-privacidad\/","name":"Pol\u00edtica de privacidad - Ambielectric","isPartOf":{"@id":"https:\/\/ambielectric.com\/#website"},"datePublished":"2022-11-28T06:52:31+00:00","dateModified":"2024-10-28T16:57:27+00:00","breadcrumb":{"@id":"https:\/\/ambielectric.com\/politica-de-privacidad\/#breadcrumb"},"inLanguage":"en-GB","potentialAction":[{"@type":"ReadAction","target":["https:\/\/ambielectric.com\/politica-de-privacidad\/"]}]},{"@type":"BreadcrumbList","@id":"https:\/\/ambielectric.com\/politica-de-privacidad\/#breadcrumb","itemListElement":[{"@type":"ListItem","position":1,"name":"Portada","item":"https:\/\/ambielectric.com\/"},{"@type":"ListItem","position":2,"name":"Pol\u00edtica de privacidad"}]},{"@type":"WebSite","@id":"https:\/\/ambielectric.com\/#website","url":"https:\/\/ambielectric.com\/","name":"Ambielectric","description":"Ambielectric Especialistas en Aromatizaci\u00f3n de Espacios","publisher":{"@id":"https:\/\/ambielectric.com\/#organization"},"potentialAction":[{"@type":"SearchAction","target":{"@type":"EntryPoint","urlTemplate":"https:\/\/ambielectric.com\/?s={search_term_string}"},"query-input":{"@type":"PropertyValueSpecification","valueRequired":true,"valueName":"search_term_string"}}],"inLanguage":"en-GB"},{"@type":"Organization","@id":"https:\/\/ambielectric.com\/#organization","name":"Ambielectric","url":"https:\/\/ambielectric.com\/","logo":{"@type":"ImageObject","inLanguage":"en-GB","@id":"https:\/\/ambielectric.com\/#\/schema\/logo\/image\/","url":"https:\/\/ambielectric.com\/wp-content\/uploads\/2022\/11\/logo.png","contentUrl":"https:\/\/ambielectric.com\/wp-content\/uploads\/2022\/11\/logo.png","width":232,"height":50,"caption":"Ambielectric"},"image":{"@id":"https:\/\/ambielectric.com\/#\/schema\/logo\/image\/"}}]}},"_links":{"self":[{"href":"https:\/\/ambielectric.com\/en\/wp-json\/wp\/v2\/pages\/3","targetHints":{"allow":["GET"]}}],"collection":[{"href":"https:\/\/ambielectric.com\/en\/wp-json\/wp\/v2\/pages"}],"about":[{"href":"https:\/\/ambielectric.com\/en\/wp-json\/wp\/v2\/types\/page"}],"author":[{"embeddable":true,"href":"https:\/\/ambielectric.com\/en\/wp-json\/wp\/v2\/users\/1"}],"replies":[{"embeddable":true,"href":"https:\/\/ambielectric.com\/en\/wp-json\/wp\/v2\/comments?post=3"}],"version-history":[{"count":46,"href":"https:\/\/ambielectric.com\/en\/wp-json\/wp\/v2\/pages\/3\/revisions"}],"predecessor-version":[{"id":2895,"href":"https:\/\/ambielectric.com\/en\/wp-json\/wp\/v2\/pages\/3\/revisions\/2895"}],"wp:attachment":[{"href":"https:\/\/ambielectric.com\/en\/wp-json\/wp\/v2\/media?parent=3"}],"curies":[{"name":"wp","href":"https:\/\/api.w.org\/{rel}","templated":true}]}}