{"id":90,"date":"2022-11-29T17:18:28","date_gmt":"2022-11-29T17:18:28","guid":{"rendered":"https:\/\/ambielectric.com\/?page_id=90"},"modified":"2024-10-28T16:57:17","modified_gmt":"2024-10-28T16:57:17","slug":"aviso-legal","status":"publish","type":"page","link":"https:\/\/ambielectric.com\/en\/aviso-legal\/","title":{"rendered":"Legal Warning"},"content":{"rendered":"<div data-elementor-type=\"wp-page\" data-elementor-id=\"90\" class=\"elementor elementor-90\" data-elementor-post-type=\"page\">\n\t\t\t\t\t\t<section class=\"elementor-section elementor-top-section elementor-element elementor-element-b2ff5f1 elementor-section-boxed elementor-section-height-default elementor-section-height-default\" data-id=\"b2ff5f1\" data-element_type=\"section\" data-e-type=\"section\">\n\t\t\t\t\t\t<div class=\"elementor-container elementor-column-gap-default\">\n\t\t\t\t\t<div class=\"elementor-column elementor-col-100 elementor-top-column elementor-element elementor-element-2721a60\" data-id=\"2721a60\" data-element_type=\"column\" data-e-type=\"column\">\n\t\t\t<div class=\"elementor-widget-wrap elementor-element-populated\">\n\t\t\t\t\t\t<div class=\"elementor-element elementor-element-b4e6eeb elementor-widget elementor-widget-text-editor\" data-id=\"b4e6eeb\" data-element_type=\"widget\" data-e-type=\"widget\" data-widget_type=\"text-editor.default\">\n\t\t\t\t<div class=\"elementor-widget-container\">\n\t\t\t\t\t\t\t\t\t<p>En cumplimiento de la Ley 34\/2002, de 11 de julio, de servicios de la sociedad de la informaci\u00f3n y de comercio electr\u00f3nico (LSSI), le informamos de que:<\/p><p>INVICTA AMBIENTACI\u00d3N S.L. (en adelante LA EMPRESA), CIF:B84209766 y tiene su domicilio en C. R\u00edo J\u00facar, 26 F, 03007. Alicante. Consta inscrita en el Registro Mercantil de Alicante, en el tomo 2890, folio 72, hoja A-89756.<\/p><p>A partir de aqu\u00ed: <b>LA EMPRESA<\/b><\/p><p>USUARIOS: El acceso y\/o uso de este portal de LA EMPRESA atribuye la condici\u00f3n de USUARIO, que acepta, desde dicho acceso y\/o uso, las Condiciones Generales de USO aqu\u00ed reflejadas. Las citadas Condiciones ser\u00e1n de aplicaci\u00f3n independientemente de las Condiciones Generales de Contrataci\u00f3n que en su caso resulten de obligado cumplimiento.<\/p><h3>USO DEL PORTAL:<\/h3><p>LA EMPRESA, proporciona el acceso a informaciones, servicios, programas o datos (en adelante, \u201clos contenidos\u201d) en Internet pertenecientes a LA EMPRESA creadora del sitio web o a sus licenciantes a los que el USUARIO pueda tener acceso. El USUARIO asume la responsabilidad del uso del portal. El USUARIO se compromete a hacer un uso adecuado de los contenidos y servicios que LA EMPRESA ofrece a trav\u00e9s de su portal y con car\u00e1cter enunciativo pero no limitativo, a no emplearlos para (i) incurrir en actividades il\u00edcitas, ilegales o contrarias a la buena fe y al orden p\u00fablico; (ii) difundir contenidos o propaganda de car\u00e1cter racista, xen\u00f3fobo, pornogr\u00e1fico-ilegal, de apolog\u00eda del terrorismo o atentatorio contra los derechos humanos; (iii) provocar da\u00f1os en los sistemas f\u00edsicos y l\u00f3gicos de LA EMPRESA , de sus proveedores o de terceras personas, introducir o difundir en la red virus inform\u00e1ticos o cualesquiera otros sistemas f\u00edsicos o l\u00f3gicos que sean susceptibles de provocar los da\u00f1os anteriormente mencionados; (iv) intentar acceder y, en su caso, utilizar las cuentas de correo electr\u00f3nico de otros usuarios y modificar o manipular sus mensajes.<\/p><h3>PROTECCI\u00d3N DE DATOS:<\/h3><p>LA EMPRESA, con las directrices de la Ley Org\u00e1nica 15\/1999 de 13 de diciembre de Protecci\u00f3n de Datos de Car\u00e1cter Personal, el Real Decreto 1720\/2007 de 21 de diciembre por el que se aprueba el Reglamento de desarrollo de la Ley Org\u00e1nica y dem\u00e1s normativa vigente en cada momento, y vela por garantizar un correcto uso y tratamiento de los datos personales del usuario. Para ello, junto a cada formulario de recabo de datos de car\u00e1cter personal, en los servicios que el usuario pueda solicitar a LA EMPRESA , har\u00e1 saber al usuario de la existencia y aceptaci\u00f3n de las condiciones particulares del tratamiento de sus datos en cada caso, inform\u00e1ndole de la responsabilidad del fichero creado, la direcci\u00f3n del responsable, la posibilidad de ejercer sus derechos de acceso, rectificaci\u00f3n, cancelaci\u00f3n u oposici\u00f3n, la finalidad del tratamiento y las comunicaciones de datos a terceros en su caso. Asimismo, LA EMPRESA informa que da cumplimiento a la Ley 34\/2002 de 11 de julio, de Servicios de la Sociedad de la Informaci\u00f3n y el Comercio Electr\u00f3nico y le solicitar\u00e1 su consentimiento al tratamiento de su correo electr\u00f3nico con fines comerciales en cada momento. De conformidad con lo establecido en el Art. 5 de la Ley Org\u00e1nica 15\/1999 de diciembre de Protecci\u00f3n de Datos de Car\u00e1cter Personal, por el que se regula el derecho de informaci\u00f3n en la recogida de datos le informamos de los siguientes extremos: Los datos de car\u00e1cter personal que nos ha suministrado en esta y otras comunicaciones mantenidas con usted ser\u00e1n objeto de tratamiento en los ficheros responsabilidad.<\/p><ul><li>La finalidad del tratamiento es la de gestionar de forma adecuada la prestaci\u00f3n del servicio que nos ha requerido. Asimismo estos datos no ser\u00e1n cedidos a terceros, salvo las cesiones legalmente permitidas. LA EMPRESA se reserva el derecho a hacer uso de los datos facilitados por el usuario a trav\u00e9s de los formularios de enviar informaci\u00f3n comercial sobre la marca o marcas pertenecientes a los licenciantes del dominio y alojamiento web.<\/li><li>Asimismo, le informamos de la posibilidad de ejercitar los correspondientes derechos de acceso, rectificaci\u00f3n, cancelaci\u00f3n y oposici\u00f3n de conformidad con lo establecido en la Ley 15\/1999 ante:<\/li><\/ul><p>Ambielectric. C. Rio Jucar, 26 F, 03007. Alicante<\/p><h3>PROPIEDAD INTELECTUAL E INDUSTRIAL:<\/h3><p>LA EMPRESA, por s\u00ed o como cesionaria, es titular de todos los derechos de propiedad intelectual e industrial de su p\u00e1gina web, as\u00ed como de los elementos contenidos en la misma (a t\u00edtulo enunciativo, im\u00e1genes (excepto algunas im\u00e1genes utilizadas que son de dominio p\u00fablico en algunos bancos de im\u00e1genes gratuitas de Internet y est\u00e1n libres de derechos o con licencias que permiten su uso comercial), o textos; marcas o logotipos, combinaciones de colores, estructura y dise\u00f1o, selecci\u00f3n de materiales usados, programas de ordenador necesarios para su funcionamiento, acceso y uso, etc.), titularidad de LA EMPRESA o bien de sus licenciantes. Todos los derechos reservados. En virtud de lo dispuesto en los art\u00edculos 8 y 32.1, p\u00e1rrafo segundo, de la Ley de Propiedad Intelectual, quedan expresamente prohibidas la reproducci\u00f3n, la distribuci\u00f3n y la comunicaci\u00f3n p\u00fablica, incluida su modalidad de puesta a disposici\u00f3n, de la totalidad o parte de los contenidos de esta p\u00e1gina web, con fines comerciales, en cualquier soporte y por cualquier medio t\u00e9cnico, sin la autorizaci\u00f3n de LA EMPRESA . El USUARIO se compromete a respetar los derechos de Propiedad Intelectual e Industrial titularidad de LA EMPRESA . Podr\u00e1 visualizar los elementos del portal e incluso imprimirlos, copiarlos y almacenarlos en el disco duro de su ordenador o en cualquier otro soporte f\u00edsico siempre y cuando sea, \u00fanica y exclusivamente, para su uso personal y privado. El USUARIO deber\u00e1 abstenerse de suprimir, alterar, eludir o manipular cualquier dispositivo de protecci\u00f3n o sistema de seguridad que estuviera instalado en las p\u00e1ginas de LA EMPRESA.<\/p><h3>EXCLUSI\u00d3N DE GARANT\u00cdAS Y RESPONSABILIDAD:<\/h3><p>LA EMPRESA no se hace responsable, en ning\u00fan caso, de los da\u00f1os y perjuicios de cualquier naturaleza que pudieran ocasionar, a t\u00edtulo enunciativo: errores u omisiones en los contenidos, falta de disponibilidad del portal o la transmisi\u00f3n de virus o programas maliciosos o lesivos en los contenidos, a pesar de haber adoptado todas las medidas tecnol\u00f3gicas necesarias para evitarlo.<\/p><h3>MODIFICACIONES:<\/h3><p>LA EMPRESA se reserva el derecho de efectuar sin previo aviso las modificaciones que considere oportunas en su portal, pudiendo cambiar, suprimir o a\u00f1adir tanto los contenidos y servicios que se presten a trav\u00e9s de la misma como la forma en la que \u00e9stos aparezcan presentados o localizados en su portal ENLACES: En el caso de que en LA EMPRESA se dispusiesen enlaces o hiperv\u00ednculos hac\u00eda otros sitios de Internet, LA EMPRESA no ejercer\u00e1 ning\u00fan tipo de control sobre dichos sitios y contenidos. En ning\u00fan caso LA EMPRESA asumir\u00e1 responsabilidad alguna por los contenidos de alg\u00fan enlace perteneciente a un sitio web ajeno, ni garantizar\u00e1 la disponibilidad t\u00e9cnica, calidad, fiabilidad, exactitud, amplitud, veracidad, validez y constitucionalidad de cualquier material o informaci\u00f3n contenida en ninguno de dichos hiperv\u00ednculos u otros sitios de Internet. Igualmente la inclusi\u00f3n de estas conexiones externas no implicar\u00e1 ning\u00fan tipo de asociaci\u00f3n, fusi\u00f3n o participaci\u00f3n con las entidades conectadas.<\/p><p>DERECHO DE EXCLUSI\u00d3N:<\/p><p>LA EMPRESA se reserva el derecho a denegar o retirar el acceso a portal y\/o los servicios ofrecidos sin necesidad de preaviso, a instancia propia o de un tercero, a aquellos usuarios que incumplan las presentes Condiciones Generales de Uso<\/p><h3>GENERALIDADES:<\/h3><p>LA EMPRESA perseguir\u00e1 el incumplimiento de las presentes condiciones as\u00ed como cualquier utilizaci\u00f3n indebida de su portal ejerciendo todas las acciones civiles y penales que le puedan corresponder en derecho.<\/p><h3>MODIFICACI\u00d3N DE LAS PRESENTES CONDICIONES Y DURACI\u00d3N:<\/h3><p>LA EMPRESA, podr\u00e1 modificar en cualquier momento las condiciones aqu\u00ed determinadas, siendo debidamente publicadas como aqu\u00ed aparecen. La vigencia de las citadas condiciones ir\u00e1 en funci\u00f3n de su exposici\u00f3n y estar\u00e1n vigentes hasta que sean modificadas por otras debidamente publicadas.<\/p><h3>LEGISLACI\u00d3N APLICABLE Y JURISDICCI\u00d3N:<\/h3><p>La relaci\u00f3n entre LA EMPRESA y el USUARIO se regir\u00e1 por la normativa espa\u00f1ola vigente y cualquier controversia se someter\u00e1 a los Juzgados y tribunales de la ciudad de Alicante.<\/p>\t\t\t\t\t\t\t\t<\/div>\n\t\t\t\t<\/div>\n\t\t\t\t\t<\/div>\n\t\t<\/div>\n\t\t\t\t\t<\/div>\n\t\t<\/section>\n\t\t\t\t<\/div>","protected":false},"excerpt":{"rendered":"<p>En cumplimiento de la Ley 34\/2002, de 11 de julio, de servicios de la sociedad de la informaci\u00f3n y de comercio electr\u00f3nico (LSSI), le informamos de que: INVICTA AMBIENTACI\u00d3N S.L. (en adelante LA EMPRESA), CIF:B84209766 y tiene su domicilio en C. R\u00edo J\u00facar, 26 F, 03007. Alicante. Consta inscrita en el Registro Mercantil de Alicante, [&hellip;]<\/p>\n","protected":false},"author":1,"featured_media":0,"parent":0,"menu_order":0,"comment_status":"closed","ping_status":"closed","template":"","meta":{"footnotes":""},"class_list":["post-90","page","type-page","status-publish","hentry"],"yoast_head":"<!-- This site is optimized with the Yoast SEO plugin v27.4 - https:\/\/yoast.com\/product\/yoast-seo-wordpress\/ -->\n<title>Aviso Legal - Ambielectric<\/title>\n<meta name=\"robots\" content=\"index, follow, max-snippet:-1, max-image-preview:large, max-video-preview:-1\" \/>\n<link rel=\"canonical\" href=\"https:\/\/ambielectric.com\/en\/aviso-legal\/\" \/>\n<meta property=\"og:locale\" content=\"en_GB\" \/>\n<meta property=\"og:type\" content=\"article\" \/>\n<meta property=\"og:title\" content=\"Aviso Legal - Ambielectric\" \/>\n<meta property=\"og:description\" content=\"En cumplimiento de la Ley 34\/2002, de 11 de julio, de servicios de la sociedad de la informaci\u00f3n y de comercio electr\u00f3nico (LSSI), le informamos de que: INVICTA AMBIENTACI\u00d3N S.L. (en adelante LA EMPRESA), CIF:B84209766 y tiene su domicilio en C. R\u00edo J\u00facar, 26 F, 03007. Alicante. Consta inscrita en el Registro Mercantil de Alicante, [&hellip;]\" \/>\n<meta property=\"og:url\" content=\"https:\/\/ambielectric.com\/en\/aviso-legal\/\" \/>\n<meta property=\"og:site_name\" content=\"Ambielectric\" \/>\n<meta property=\"article:modified_time\" content=\"2024-10-28T16:57:17+00:00\" \/>\n<meta name=\"twitter:card\" content=\"summary_large_image\" \/>\n<meta name=\"twitter:label1\" content=\"Estimated reading time\" \/>\n\t<meta name=\"twitter:data1\" content=\"6 minutes\" \/>\n<script type=\"application\/ld+json\" class=\"yoast-schema-graph\">{\"@context\":\"https:\\\/\\\/schema.org\",\"@graph\":[{\"@type\":\"WebPage\",\"@id\":\"https:\\\/\\\/ambielectric.com\\\/aviso-legal\\\/\",\"url\":\"https:\\\/\\\/ambielectric.com\\\/aviso-legal\\\/\",\"name\":\"Aviso Legal - Ambielectric\",\"isPartOf\":{\"@id\":\"https:\\\/\\\/ambielectric.com\\\/#website\"},\"datePublished\":\"2022-11-29T17:18:28+00:00\",\"dateModified\":\"2024-10-28T16:57:17+00:00\",\"breadcrumb\":{\"@id\":\"https:\\\/\\\/ambielectric.com\\\/aviso-legal\\\/#breadcrumb\"},\"inLanguage\":\"en-GB\",\"potentialAction\":[{\"@type\":\"ReadAction\",\"target\":[\"https:\\\/\\\/ambielectric.com\\\/aviso-legal\\\/\"]}]},{\"@type\":\"BreadcrumbList\",\"@id\":\"https:\\\/\\\/ambielectric.com\\\/aviso-legal\\\/#breadcrumb\",\"itemListElement\":[{\"@type\":\"ListItem\",\"position\":1,\"name\":\"Portada\",\"item\":\"https:\\\/\\\/ambielectric.com\\\/\"},{\"@type\":\"ListItem\",\"position\":2,\"name\":\"Aviso Legal\"}]},{\"@type\":\"WebSite\",\"@id\":\"https:\\\/\\\/ambielectric.com\\\/#website\",\"url\":\"https:\\\/\\\/ambielectric.com\\\/\",\"name\":\"Ambielectric\",\"description\":\"Ambielectric Especialistas en Aromatizaci\u00f3n de Espacios\",\"publisher\":{\"@id\":\"https:\\\/\\\/ambielectric.com\\\/#organization\"},\"potentialAction\":[{\"@type\":\"SearchAction\",\"target\":{\"@type\":\"EntryPoint\",\"urlTemplate\":\"https:\\\/\\\/ambielectric.com\\\/?s={search_term_string}\"},\"query-input\":{\"@type\":\"PropertyValueSpecification\",\"valueRequired\":true,\"valueName\":\"search_term_string\"}}],\"inLanguage\":\"en-GB\"},{\"@type\":\"Organization\",\"@id\":\"https:\\\/\\\/ambielectric.com\\\/#organization\",\"name\":\"Ambielectric\",\"url\":\"https:\\\/\\\/ambielectric.com\\\/\",\"logo\":{\"@type\":\"ImageObject\",\"inLanguage\":\"en-GB\",\"@id\":\"https:\\\/\\\/ambielectric.com\\\/#\\\/schema\\\/logo\\\/image\\\/\",\"url\":\"https:\\\/\\\/ambielectric.com\\\/wp-content\\\/uploads\\\/2022\\\/11\\\/logo.png\",\"contentUrl\":\"https:\\\/\\\/ambielectric.com\\\/wp-content\\\/uploads\\\/2022\\\/11\\\/logo.png\",\"width\":232,\"height\":50,\"caption\":\"Ambielectric\"},\"image\":{\"@id\":\"https:\\\/\\\/ambielectric.com\\\/#\\\/schema\\\/logo\\\/image\\\/\"}}]}<\/script>\n<!-- \/ Yoast SEO plugin. -->","yoast_head_json":{"title":"Aviso Legal - Ambielectric","robots":{"index":"index","follow":"follow","max-snippet":"max-snippet:-1","max-image-preview":"max-image-preview:large","max-video-preview":"max-video-preview:-1"},"canonical":"https:\/\/ambielectric.com\/en\/aviso-legal\/","og_locale":"en_GB","og_type":"article","og_title":"Aviso Legal - Ambielectric","og_description":"En cumplimiento de la Ley 34\/2002, de 11 de julio, de servicios de la sociedad de la informaci\u00f3n y de comercio electr\u00f3nico (LSSI), le informamos de que: INVICTA AMBIENTACI\u00d3N S.L. (en adelante LA EMPRESA), CIF:B84209766 y tiene su domicilio en C. R\u00edo J\u00facar, 26 F, 03007. Alicante. Consta inscrita en el Registro Mercantil de Alicante, [&hellip;]","og_url":"https:\/\/ambielectric.com\/en\/aviso-legal\/","og_site_name":"Ambielectric","article_modified_time":"2024-10-28T16:57:17+00:00","twitter_card":"summary_large_image","twitter_misc":{"Estimated reading time":"6 minutes"},"schema":{"@context":"https:\/\/schema.org","@graph":[{"@type":"WebPage","@id":"https:\/\/ambielectric.com\/aviso-legal\/","url":"https:\/\/ambielectric.com\/aviso-legal\/","name":"Aviso Legal - Ambielectric","isPartOf":{"@id":"https:\/\/ambielectric.com\/#website"},"datePublished":"2022-11-29T17:18:28+00:00","dateModified":"2024-10-28T16:57:17+00:00","breadcrumb":{"@id":"https:\/\/ambielectric.com\/aviso-legal\/#breadcrumb"},"inLanguage":"en-GB","potentialAction":[{"@type":"ReadAction","target":["https:\/\/ambielectric.com\/aviso-legal\/"]}]},{"@type":"BreadcrumbList","@id":"https:\/\/ambielectric.com\/aviso-legal\/#breadcrumb","itemListElement":[{"@type":"ListItem","position":1,"name":"Portada","item":"https:\/\/ambielectric.com\/"},{"@type":"ListItem","position":2,"name":"Aviso Legal"}]},{"@type":"WebSite","@id":"https:\/\/ambielectric.com\/#website","url":"https:\/\/ambielectric.com\/","name":"Ambielectric","description":"Ambielectric Especialistas en Aromatizaci\u00f3n de Espacios","publisher":{"@id":"https:\/\/ambielectric.com\/#organization"},"potentialAction":[{"@type":"SearchAction","target":{"@type":"EntryPoint","urlTemplate":"https:\/\/ambielectric.com\/?s={search_term_string}"},"query-input":{"@type":"PropertyValueSpecification","valueRequired":true,"valueName":"search_term_string"}}],"inLanguage":"en-GB"},{"@type":"Organization","@id":"https:\/\/ambielectric.com\/#organization","name":"Ambielectric","url":"https:\/\/ambielectric.com\/","logo":{"@type":"ImageObject","inLanguage":"en-GB","@id":"https:\/\/ambielectric.com\/#\/schema\/logo\/image\/","url":"https:\/\/ambielectric.com\/wp-content\/uploads\/2022\/11\/logo.png","contentUrl":"https:\/\/ambielectric.com\/wp-content\/uploads\/2022\/11\/logo.png","width":232,"height":50,"caption":"Ambielectric"},"image":{"@id":"https:\/\/ambielectric.com\/#\/schema\/logo\/image\/"}}]}},"_links":{"self":[{"href":"https:\/\/ambielectric.com\/en\/wp-json\/wp\/v2\/pages\/90","targetHints":{"allow":["GET"]}}],"collection":[{"href":"https:\/\/ambielectric.com\/en\/wp-json\/wp\/v2\/pages"}],"about":[{"href":"https:\/\/ambielectric.com\/en\/wp-json\/wp\/v2\/types\/page"}],"author":[{"embeddable":true,"href":"https:\/\/ambielectric.com\/en\/wp-json\/wp\/v2\/users\/1"}],"replies":[{"embeddable":true,"href":"https:\/\/ambielectric.com\/en\/wp-json\/wp\/v2\/comments?post=90"}],"version-history":[{"count":22,"href":"https:\/\/ambielectric.com\/en\/wp-json\/wp\/v2\/pages\/90\/revisions"}],"predecessor-version":[{"id":2892,"href":"https:\/\/ambielectric.com\/en\/wp-json\/wp\/v2\/pages\/90\/revisions\/2892"}],"wp:attachment":[{"href":"https:\/\/ambielectric.com\/en\/wp-json\/wp\/v2\/media?parent=90"}],"curies":[{"name":"wp","href":"https:\/\/api.w.org\/{rel}","templated":true}]}}