{"id":2370,"date":"2024-06-23T18:11:07","date_gmt":"2024-06-23T18:11:07","guid":{"rendered":"https:\/\/ambielectric.com\/?post_type=product&#038;p=2370"},"modified":"2025-02-24T12:09:24","modified_gmt":"2025-02-24T12:09:24","slug":"ambientador-pulverizador-neutrodor-basuras","status":"publish","type":"product","link":"https:\/\/ambielectric.com\/en\/product\/ambientador-pulverizador-neutrodor-basuras\/","title":{"rendered":"Air Freshener Spray Neutraliser Rubbish"},"content":{"rendered":"<p>Producto muy eficaz para la eliminaci\u00f3n del mal olor de las basuras, con solo pulverizar en el interior de la bolsa o contenedor de basuras, al aplicar el producto se elimina ese mal olor dentro de negocios o viviendas, tambi\u00e9n en el ascensor del edificio o en el transporte en el veh\u00edculo hasta el punto m\u00e1s cercano.<\/p>","protected":false},"excerpt":{"rendered":"<p>300ml bottle for manual spraying, with dosing gun, available in any of the scents of the range.<br \/>\nHigh concentration of natural essence, longer lasting.<br \/>\nDoes not stain clothes, fabrics, suitable for hotels.<\/p>\n<p><strong>Duration<\/strong>: Up to 24 hours after application<\/p>","protected":false},"featured_media":5576,"comment_status":"open","ping_status":"closed","template":"","meta":[],"product_brand":[],"product_cat":[28,36],"product_tag":[],"class_list":{"0":"post-2370","1":"product","2":"type-product","3":"status-publish","4":"has-post-thumbnail","6":"product_cat-ambientadores","7":"product_cat-pulverizacion-manual","9":"first","10":"instock","11":"taxable","12":"shipping-taxable","13":"product-type-simple"},"yoast_head":"<!-- This site is optimized with the Yoast SEO plugin v27.4 - https:\/\/yoast.com\/product\/yoast-seo-wordpress\/ -->\n<title>Ambientador Pulverizador Neutrodor Basuras - Ambielectric<\/title>\n<meta name=\"robots\" content=\"index, follow, max-snippet:-1, max-image-preview:large, max-video-preview:-1\" \/>\n<link rel=\"canonical\" href=\"https:\/\/ambielectric.com\/en\/product\/ambientador-pulverizador-neutrodor-basuras\/\" \/>\n<meta property=\"og:locale\" content=\"en_GB\" \/>\n<meta property=\"og:type\" content=\"article\" \/>\n<meta property=\"og:title\" content=\"Ambientador Pulverizador Neutrodor Basuras - Ambielectric\" \/>\n<meta property=\"og:description\" content=\"Botella de 300ml para pulverizaci\u00f3n manual, con pistola dosificadora, disponible en cualquiera de los aromas de la gama. Alta concentraci\u00f3n de esencia natural, mayor duraci\u00f3n. No mancha la ropa, tejidos, id\u00f3neo para hoteles.  Duraci\u00f3n: Hasta 24 horas tras aplicaci\u00f3n\" \/>\n<meta property=\"og:url\" content=\"https:\/\/ambielectric.com\/en\/product\/ambientador-pulverizador-neutrodor-basuras\/\" \/>\n<meta property=\"og:site_name\" content=\"Ambielectric\" \/>\n<meta property=\"article:modified_time\" content=\"2025-02-24T12:09:24+00:00\" \/>\n<meta property=\"og:image\" content=\"https:\/\/ambielectric.com\/wp-content\/uploads\/2024\/06\/pulverizacion-manual-7.jpg\" \/>\n\t<meta property=\"og:image:width\" content=\"1000\" \/>\n\t<meta property=\"og:image:height\" content=\"1000\" \/>\n\t<meta property=\"og:image:type\" content=\"image\/jpeg\" \/>\n<meta name=\"twitter:card\" content=\"summary_large_image\" \/>\n<meta name=\"twitter:label1\" content=\"Estimated reading time\" \/>\n\t<meta name=\"twitter:data1\" content=\"1 minute\" \/>\n<script type=\"application\/ld+json\" class=\"yoast-schema-graph\">{\"@context\":\"https:\\\/\\\/schema.org\",\"@graph\":[{\"@type\":\"WebPage\",\"@id\":\"https:\\\/\\\/ambielectric.com\\\/producto\\\/ambientador-pulverizador-neutrodor-basuras\\\/\",\"url\":\"https:\\\/\\\/ambielectric.com\\\/producto\\\/ambientador-pulverizador-neutrodor-basuras\\\/\",\"name\":\"Ambientador Pulverizador Neutrodor Basuras - Ambielectric\",\"isPartOf\":{\"@id\":\"https:\\\/\\\/ambielectric.com\\\/#website\"},\"primaryImageOfPage\":{\"@id\":\"https:\\\/\\\/ambielectric.com\\\/producto\\\/ambientador-pulverizador-neutrodor-basuras\\\/#primaryimage\"},\"image\":{\"@id\":\"https:\\\/\\\/ambielectric.com\\\/producto\\\/ambientador-pulverizador-neutrodor-basuras\\\/#primaryimage\"},\"thumbnailUrl\":\"https:\\\/\\\/ambielectric.com\\\/wp-content\\\/uploads\\\/2024\\\/06\\\/pulverizacion-manual-7.jpg\",\"datePublished\":\"2024-06-23T18:11:07+00:00\",\"dateModified\":\"2025-02-24T12:09:24+00:00\",\"breadcrumb\":{\"@id\":\"https:\\\/\\\/ambielectric.com\\\/producto\\\/ambientador-pulverizador-neutrodor-basuras\\\/#breadcrumb\"},\"inLanguage\":\"en-GB\",\"potentialAction\":[{\"@type\":\"ReadAction\",\"target\":[\"https:\\\/\\\/ambielectric.com\\\/producto\\\/ambientador-pulverizador-neutrodor-basuras\\\/\"]}]},{\"@type\":\"ImageObject\",\"inLanguage\":\"en-GB\",\"@id\":\"https:\\\/\\\/ambielectric.com\\\/producto\\\/ambientador-pulverizador-neutrodor-basuras\\\/#primaryimage\",\"url\":\"https:\\\/\\\/ambielectric.com\\\/wp-content\\\/uploads\\\/2024\\\/06\\\/pulverizacion-manual-7.jpg\",\"contentUrl\":\"https:\\\/\\\/ambielectric.com\\\/wp-content\\\/uploads\\\/2024\\\/06\\\/pulverizacion-manual-7.jpg\",\"width\":1000,\"height\":1000},{\"@type\":\"BreadcrumbList\",\"@id\":\"https:\\\/\\\/ambielectric.com\\\/producto\\\/ambientador-pulverizador-neutrodor-basuras\\\/#breadcrumb\",\"itemListElement\":[{\"@type\":\"ListItem\",\"position\":1,\"name\":\"Portada\",\"item\":\"https:\\\/\\\/ambielectric.com\\\/\"},{\"@type\":\"ListItem\",\"position\":2,\"name\":\"Tienda\",\"item\":\"https:\\\/\\\/ambielectric.com\\\/?page_id=11\"},{\"@type\":\"ListItem\",\"position\":3,\"name\":\"Ambientador Pulverizador Neutrodor Basuras\"}]},{\"@type\":\"WebSite\",\"@id\":\"https:\\\/\\\/ambielectric.com\\\/#website\",\"url\":\"https:\\\/\\\/ambielectric.com\\\/\",\"name\":\"Ambielectric\",\"description\":\"Ambielectric Especialistas en Aromatizaci\u00f3n de Espacios\",\"publisher\":{\"@id\":\"https:\\\/\\\/ambielectric.com\\\/#organization\"},\"potentialAction\":[{\"@type\":\"SearchAction\",\"target\":{\"@type\":\"EntryPoint\",\"urlTemplate\":\"https:\\\/\\\/ambielectric.com\\\/?s={search_term_string}\"},\"query-input\":{\"@type\":\"PropertyValueSpecification\",\"valueRequired\":true,\"valueName\":\"search_term_string\"}}],\"inLanguage\":\"en-GB\"},{\"@type\":\"Organization\",\"@id\":\"https:\\\/\\\/ambielectric.com\\\/#organization\",\"name\":\"Ambielectric\",\"url\":\"https:\\\/\\\/ambielectric.com\\\/\",\"logo\":{\"@type\":\"ImageObject\",\"inLanguage\":\"en-GB\",\"@id\":\"https:\\\/\\\/ambielectric.com\\\/#\\\/schema\\\/logo\\\/image\\\/\",\"url\":\"https:\\\/\\\/ambielectric.com\\\/wp-content\\\/uploads\\\/2022\\\/11\\\/logo.png\",\"contentUrl\":\"https:\\\/\\\/ambielectric.com\\\/wp-content\\\/uploads\\\/2022\\\/11\\\/logo.png\",\"width\":232,\"height\":50,\"caption\":\"Ambielectric\"},\"image\":{\"@id\":\"https:\\\/\\\/ambielectric.com\\\/#\\\/schema\\\/logo\\\/image\\\/\"}}]}<\/script>\n<!-- \/ Yoast SEO plugin. -->","yoast_head_json":{"title":"Ambientador Pulverizador Neutrodor Basuras - Ambielectric","robots":{"index":"index","follow":"follow","max-snippet":"max-snippet:-1","max-image-preview":"max-image-preview:large","max-video-preview":"max-video-preview:-1"},"canonical":"https:\/\/ambielectric.com\/en\/product\/ambientador-pulverizador-neutrodor-basuras\/","og_locale":"en_GB","og_type":"article","og_title":"Ambientador Pulverizador Neutrodor Basuras - Ambielectric","og_description":"Botella de 300ml para pulverizaci\u00f3n manual, con pistola dosificadora, disponible en cualquiera de los aromas de la gama. Alta concentraci\u00f3n de esencia natural, mayor duraci\u00f3n. No mancha la ropa, tejidos, id\u00f3neo para hoteles.  Duraci\u00f3n: Hasta 24 horas tras aplicaci\u00f3n","og_url":"https:\/\/ambielectric.com\/en\/product\/ambientador-pulverizador-neutrodor-basuras\/","og_site_name":"Ambielectric","article_modified_time":"2025-02-24T12:09:24+00:00","og_image":[{"width":1000,"height":1000,"url":"https:\/\/ambielectric.com\/wp-content\/uploads\/2024\/06\/pulverizacion-manual-7.jpg","type":"image\/jpeg"}],"twitter_card":"summary_large_image","twitter_misc":{"Estimated reading time":"1 minute"},"schema":{"@context":"https:\/\/schema.org","@graph":[{"@type":"WebPage","@id":"https:\/\/ambielectric.com\/producto\/ambientador-pulverizador-neutrodor-basuras\/","url":"https:\/\/ambielectric.com\/producto\/ambientador-pulverizador-neutrodor-basuras\/","name":"Ambientador Pulverizador Neutrodor Basuras - Ambielectric","isPartOf":{"@id":"https:\/\/ambielectric.com\/#website"},"primaryImageOfPage":{"@id":"https:\/\/ambielectric.com\/producto\/ambientador-pulverizador-neutrodor-basuras\/#primaryimage"},"image":{"@id":"https:\/\/ambielectric.com\/producto\/ambientador-pulverizador-neutrodor-basuras\/#primaryimage"},"thumbnailUrl":"https:\/\/ambielectric.com\/wp-content\/uploads\/2024\/06\/pulverizacion-manual-7.jpg","datePublished":"2024-06-23T18:11:07+00:00","dateModified":"2025-02-24T12:09:24+00:00","breadcrumb":{"@id":"https:\/\/ambielectric.com\/producto\/ambientador-pulverizador-neutrodor-basuras\/#breadcrumb"},"inLanguage":"en-GB","potentialAction":[{"@type":"ReadAction","target":["https:\/\/ambielectric.com\/producto\/ambientador-pulverizador-neutrodor-basuras\/"]}]},{"@type":"ImageObject","inLanguage":"en-GB","@id":"https:\/\/ambielectric.com\/producto\/ambientador-pulverizador-neutrodor-basuras\/#primaryimage","url":"https:\/\/ambielectric.com\/wp-content\/uploads\/2024\/06\/pulverizacion-manual-7.jpg","contentUrl":"https:\/\/ambielectric.com\/wp-content\/uploads\/2024\/06\/pulverizacion-manual-7.jpg","width":1000,"height":1000},{"@type":"BreadcrumbList","@id":"https:\/\/ambielectric.com\/producto\/ambientador-pulverizador-neutrodor-basuras\/#breadcrumb","itemListElement":[{"@type":"ListItem","position":1,"name":"Portada","item":"https:\/\/ambielectric.com\/"},{"@type":"ListItem","position":2,"name":"Tienda","item":"https:\/\/ambielectric.com\/?page_id=11"},{"@type":"ListItem","position":3,"name":"Ambientador Pulverizador Neutrodor Basuras"}]},{"@type":"WebSite","@id":"https:\/\/ambielectric.com\/#website","url":"https:\/\/ambielectric.com\/","name":"Ambielectric","description":"Ambielectric Especialistas en Aromatizaci\u00f3n de Espacios","publisher":{"@id":"https:\/\/ambielectric.com\/#organization"},"potentialAction":[{"@type":"SearchAction","target":{"@type":"EntryPoint","urlTemplate":"https:\/\/ambielectric.com\/?s={search_term_string}"},"query-input":{"@type":"PropertyValueSpecification","valueRequired":true,"valueName":"search_term_string"}}],"inLanguage":"en-GB"},{"@type":"Organization","@id":"https:\/\/ambielectric.com\/#organization","name":"Ambielectric","url":"https:\/\/ambielectric.com\/","logo":{"@type":"ImageObject","inLanguage":"en-GB","@id":"https:\/\/ambielectric.com\/#\/schema\/logo\/image\/","url":"https:\/\/ambielectric.com\/wp-content\/uploads\/2022\/11\/logo.png","contentUrl":"https:\/\/ambielectric.com\/wp-content\/uploads\/2022\/11\/logo.png","width":232,"height":50,"caption":"Ambielectric"},"image":{"@id":"https:\/\/ambielectric.com\/#\/schema\/logo\/image\/"}}]}},"_links":{"self":[{"href":"https:\/\/ambielectric.com\/en\/wp-json\/wp\/v2\/product\/2370","targetHints":{"allow":["GET"]}}],"collection":[{"href":"https:\/\/ambielectric.com\/en\/wp-json\/wp\/v2\/product"}],"about":[{"href":"https:\/\/ambielectric.com\/en\/wp-json\/wp\/v2\/types\/product"}],"replies":[{"embeddable":true,"href":"https:\/\/ambielectric.com\/en\/wp-json\/wp\/v2\/comments?post=2370"}],"version-history":[{"count":5,"href":"https:\/\/ambielectric.com\/en\/wp-json\/wp\/v2\/product\/2370\/revisions"}],"predecessor-version":[{"id":5732,"href":"https:\/\/ambielectric.com\/en\/wp-json\/wp\/v2\/product\/2370\/revisions\/5732"}],"wp:featuredmedia":[{"embeddable":true,"href":"https:\/\/ambielectric.com\/en\/wp-json\/wp\/v2\/media\/5576"}],"wp:attachment":[{"href":"https:\/\/ambielectric.com\/en\/wp-json\/wp\/v2\/media?parent=2370"}],"wp:term":[{"taxonomy":"product_brand","embeddable":true,"href":"https:\/\/ambielectric.com\/en\/wp-json\/wp\/v2\/product_brand?post=2370"},{"taxonomy":"product_cat","embeddable":true,"href":"https:\/\/ambielectric.com\/en\/wp-json\/wp\/v2\/product_cat?post=2370"},{"taxonomy":"product_tag","embeddable":true,"href":"https:\/\/ambielectric.com\/en\/wp-json\/wp\/v2\/product_tag?post=2370"}],"curies":[{"name":"wp","href":"https:\/\/api.w.org\/{rel}","templated":true}]}}