{"id":2973,"date":"2024-11-05T11:16:29","date_gmt":"2024-11-05T11:16:29","guid":{"rendered":"https:\/\/ambielectric.com\/?post_type=product&#038;p=2973"},"modified":"2025-02-22T19:58:18","modified_gmt":"2025-02-22T19:58:18","slug":"mikado-citronela","status":"publish","type":"product","link":"https:\/\/ambielectric.com\/en\/product\/mikado-citronela\/","title":{"rendered":"Citronella Mikado"},"content":{"rendered":"<p>Si est\u00e1s buscando ambientadores para el hogar que sean duraderos y efectivos, nuestros mikados son la opci\u00f3n ideal. Ofrecemos una amplia gama de aromas, por lo que nuestros mikados son perfectos para cualquier tipo de hogar o negocio. Formulados con esencias naturales de alta calidad y fabricados con materiales de primera calidad, nuestros mikados no solo proporcionan una experiencia olfativa agradable, sino que tambi\u00e9n sirven como un elegante elemento decorativo. Con nuestros mikados, tu ambiente siempre ser\u00e1 acogedor y agradable.<\/p>\n<p>The <strong>reed diffuser system<\/strong> works by inserting the rattan reeds into the glass bottle, allowing the liquid to be absorbed through its pores and spreading a delicious fragrance \tthroughout the rooms of your home.<\/p>\n<p>The <strong>rattan reeds<\/strong> are made of a plant fiber whose capillary action allows the aroma to diffuse progressively and naturally without the need for alcohol or electricity. Therefore, it is not recommended to remove the reeds that come with the reed diffuser.<\/p>\n<p><strong>Recomendaciones de uso<\/strong>:<\/p>\n<p>To properly scent your home: remove the cap and insert the 8 rattan reeds. For the first 4 \tdays, turn all the reeds once a day to absorb the oils. After these 4 days, turn them only once \ta week, or whenever you want to intensify the aroma.<\/p>\n<p><strong>Advantages<\/strong>:<\/p>\n<ul>\n<li>Handcrafted with natural essential oils.<\/li>\n<li>Does not contain alcohol.<\/li>\n<li>High concentration of essential oils and long-lasting.<\/li>\n<\/ul>\n<p><strong>Serving Instructions:<\/strong>:<\/p>\n<p>100ml glass bottle with 8 rattan stems, a shutter, and cork rings.<\/p>","protected":false},"excerpt":{"rendered":"<p class=\"p1\">100 ml rattan aroma diffuser sticks system.<\/p>\n<p><strong>Scent<\/strong>: Citronella<br \/>\n<strong>Duration<\/strong>: 30 days<\/p>","protected":false},"featured_media":5196,"comment_status":"open","ping_status":"closed","template":"","meta":[],"product_brand":[],"product_cat":[28,20],"product_tag":[],"class_list":{"0":"post-2973","1":"product","2":"type-product","3":"status-publish","4":"has-post-thumbnail","6":"product_cat-ambientadores","7":"product_cat-mikado","9":"first","10":"instock","11":"taxable","12":"shipping-taxable","13":"product-type-simple"},"yoast_head":"<!-- This site is optimized with the Yoast SEO plugin v27.3 - https:\/\/yoast.com\/product\/yoast-seo-wordpress\/ -->\n<title>Mikado Citronela - Ambielectric<\/title>\n<meta name=\"robots\" content=\"index, follow, max-snippet:-1, max-image-preview:large, max-video-preview:-1\" \/>\n<link rel=\"canonical\" href=\"https:\/\/ambielectric.com\/en\/product\/mikado-citronela\/\" \/>\n<meta property=\"og:locale\" content=\"en_GB\" \/>\n<meta property=\"og:type\" content=\"article\" \/>\n<meta property=\"og:title\" content=\"Mikado Citronela - Ambielectric\" \/>\n<meta property=\"og:description\" content=\"Sistema de varillas de rat\u00e1n difusoras de aroma de 100 ml. Aroma: Citronela Duraci\u00f3n: 30 d\u00edas\" \/>\n<meta property=\"og:url\" content=\"https:\/\/ambielectric.com\/en\/product\/mikado-citronela\/\" \/>\n<meta property=\"og:site_name\" content=\"Ambielectric\" \/>\n<meta property=\"article:modified_time\" content=\"2025-02-22T19:58:18+00:00\" \/>\n<meta property=\"og:image\" content=\"https:\/\/ambielectric.com\/wp-content\/uploads\/2024\/11\/mikado-citronella.jpg\" \/>\n\t<meta property=\"og:image:width\" content=\"1000\" \/>\n\t<meta property=\"og:image:height\" content=\"1000\" \/>\n\t<meta property=\"og:image:type\" content=\"image\/jpeg\" \/>\n<meta name=\"twitter:card\" content=\"summary_large_image\" \/>\n<meta name=\"twitter:label1\" content=\"Estimated reading time\" \/>\n\t<meta name=\"twitter:data1\" content=\"2 minutes\" \/>\n<script type=\"application\/ld+json\" class=\"yoast-schema-graph\">{\"@context\":\"https:\\\/\\\/schema.org\",\"@graph\":[{\"@type\":\"WebPage\",\"@id\":\"https:\\\/\\\/ambielectric.com\\\/producto\\\/mikado-citronela\\\/\",\"url\":\"https:\\\/\\\/ambielectric.com\\\/producto\\\/mikado-citronela\\\/\",\"name\":\"Mikado Citronela - Ambielectric\",\"isPartOf\":{\"@id\":\"https:\\\/\\\/ambielectric.com\\\/#website\"},\"primaryImageOfPage\":{\"@id\":\"https:\\\/\\\/ambielectric.com\\\/producto\\\/mikado-citronela\\\/#primaryimage\"},\"image\":{\"@id\":\"https:\\\/\\\/ambielectric.com\\\/producto\\\/mikado-citronela\\\/#primaryimage\"},\"thumbnailUrl\":\"https:\\\/\\\/ambielectric.com\\\/wp-content\\\/uploads\\\/2024\\\/11\\\/mikado-citronella.jpg\",\"datePublished\":\"2024-11-05T11:16:29+00:00\",\"dateModified\":\"2025-02-22T19:58:18+00:00\",\"breadcrumb\":{\"@id\":\"https:\\\/\\\/ambielectric.com\\\/producto\\\/mikado-citronela\\\/#breadcrumb\"},\"inLanguage\":\"en-GB\",\"potentialAction\":[{\"@type\":\"ReadAction\",\"target\":[\"https:\\\/\\\/ambielectric.com\\\/producto\\\/mikado-citronela\\\/\"]}]},{\"@type\":\"ImageObject\",\"inLanguage\":\"en-GB\",\"@id\":\"https:\\\/\\\/ambielectric.com\\\/producto\\\/mikado-citronela\\\/#primaryimage\",\"url\":\"https:\\\/\\\/ambielectric.com\\\/wp-content\\\/uploads\\\/2024\\\/11\\\/mikado-citronella.jpg\",\"contentUrl\":\"https:\\\/\\\/ambielectric.com\\\/wp-content\\\/uploads\\\/2024\\\/11\\\/mikado-citronella.jpg\",\"width\":1000,\"height\":1000},{\"@type\":\"BreadcrumbList\",\"@id\":\"https:\\\/\\\/ambielectric.com\\\/producto\\\/mikado-citronela\\\/#breadcrumb\",\"itemListElement\":[{\"@type\":\"ListItem\",\"position\":1,\"name\":\"Portada\",\"item\":\"https:\\\/\\\/ambielectric.com\\\/\"},{\"@type\":\"ListItem\",\"position\":2,\"name\":\"Tienda\",\"item\":\"https:\\\/\\\/ambielectric.com\\\/?page_id=11\"},{\"@type\":\"ListItem\",\"position\":3,\"name\":\"Mikado Citronela\"}]},{\"@type\":\"WebSite\",\"@id\":\"https:\\\/\\\/ambielectric.com\\\/#website\",\"url\":\"https:\\\/\\\/ambielectric.com\\\/\",\"name\":\"Ambielectric\",\"description\":\"Ambielectric Especialistas en Aromatizaci\u00f3n de Espacios\",\"publisher\":{\"@id\":\"https:\\\/\\\/ambielectric.com\\\/#organization\"},\"potentialAction\":[{\"@type\":\"SearchAction\",\"target\":{\"@type\":\"EntryPoint\",\"urlTemplate\":\"https:\\\/\\\/ambielectric.com\\\/?s={search_term_string}\"},\"query-input\":{\"@type\":\"PropertyValueSpecification\",\"valueRequired\":true,\"valueName\":\"search_term_string\"}}],\"inLanguage\":\"en-GB\"},{\"@type\":\"Organization\",\"@id\":\"https:\\\/\\\/ambielectric.com\\\/#organization\",\"name\":\"Ambielectric\",\"url\":\"https:\\\/\\\/ambielectric.com\\\/\",\"logo\":{\"@type\":\"ImageObject\",\"inLanguage\":\"en-GB\",\"@id\":\"https:\\\/\\\/ambielectric.com\\\/#\\\/schema\\\/logo\\\/image\\\/\",\"url\":\"https:\\\/\\\/ambielectric.com\\\/wp-content\\\/uploads\\\/2022\\\/11\\\/logo.png\",\"contentUrl\":\"https:\\\/\\\/ambielectric.com\\\/wp-content\\\/uploads\\\/2022\\\/11\\\/logo.png\",\"width\":232,\"height\":50,\"caption\":\"Ambielectric\"},\"image\":{\"@id\":\"https:\\\/\\\/ambielectric.com\\\/#\\\/schema\\\/logo\\\/image\\\/\"}}]}<\/script>\n<!-- \/ Yoast SEO plugin. -->","yoast_head_json":{"title":"Mikado Citronela - Ambielectric","robots":{"index":"index","follow":"follow","max-snippet":"max-snippet:-1","max-image-preview":"max-image-preview:large","max-video-preview":"max-video-preview:-1"},"canonical":"https:\/\/ambielectric.com\/en\/product\/mikado-citronela\/","og_locale":"en_GB","og_type":"article","og_title":"Mikado Citronela - Ambielectric","og_description":"Sistema de varillas de rat\u00e1n difusoras de aroma de 100 ml. Aroma: Citronela Duraci\u00f3n: 30 d\u00edas","og_url":"https:\/\/ambielectric.com\/en\/product\/mikado-citronela\/","og_site_name":"Ambielectric","article_modified_time":"2025-02-22T19:58:18+00:00","og_image":[{"width":1000,"height":1000,"url":"https:\/\/ambielectric.com\/wp-content\/uploads\/2024\/11\/mikado-citronella.jpg","type":"image\/jpeg"}],"twitter_card":"summary_large_image","twitter_misc":{"Estimated reading time":"2 minutes"},"schema":{"@context":"https:\/\/schema.org","@graph":[{"@type":"WebPage","@id":"https:\/\/ambielectric.com\/producto\/mikado-citronela\/","url":"https:\/\/ambielectric.com\/producto\/mikado-citronela\/","name":"Mikado Citronela - Ambielectric","isPartOf":{"@id":"https:\/\/ambielectric.com\/#website"},"primaryImageOfPage":{"@id":"https:\/\/ambielectric.com\/producto\/mikado-citronela\/#primaryimage"},"image":{"@id":"https:\/\/ambielectric.com\/producto\/mikado-citronela\/#primaryimage"},"thumbnailUrl":"https:\/\/ambielectric.com\/wp-content\/uploads\/2024\/11\/mikado-citronella.jpg","datePublished":"2024-11-05T11:16:29+00:00","dateModified":"2025-02-22T19:58:18+00:00","breadcrumb":{"@id":"https:\/\/ambielectric.com\/producto\/mikado-citronela\/#breadcrumb"},"inLanguage":"en-GB","potentialAction":[{"@type":"ReadAction","target":["https:\/\/ambielectric.com\/producto\/mikado-citronela\/"]}]},{"@type":"ImageObject","inLanguage":"en-GB","@id":"https:\/\/ambielectric.com\/producto\/mikado-citronela\/#primaryimage","url":"https:\/\/ambielectric.com\/wp-content\/uploads\/2024\/11\/mikado-citronella.jpg","contentUrl":"https:\/\/ambielectric.com\/wp-content\/uploads\/2024\/11\/mikado-citronella.jpg","width":1000,"height":1000},{"@type":"BreadcrumbList","@id":"https:\/\/ambielectric.com\/producto\/mikado-citronela\/#breadcrumb","itemListElement":[{"@type":"ListItem","position":1,"name":"Portada","item":"https:\/\/ambielectric.com\/"},{"@type":"ListItem","position":2,"name":"Tienda","item":"https:\/\/ambielectric.com\/?page_id=11"},{"@type":"ListItem","position":3,"name":"Mikado Citronela"}]},{"@type":"WebSite","@id":"https:\/\/ambielectric.com\/#website","url":"https:\/\/ambielectric.com\/","name":"Ambielectric","description":"Ambielectric Especialistas en Aromatizaci\u00f3n de Espacios","publisher":{"@id":"https:\/\/ambielectric.com\/#organization"},"potentialAction":[{"@type":"SearchAction","target":{"@type":"EntryPoint","urlTemplate":"https:\/\/ambielectric.com\/?s={search_term_string}"},"query-input":{"@type":"PropertyValueSpecification","valueRequired":true,"valueName":"search_term_string"}}],"inLanguage":"en-GB"},{"@type":"Organization","@id":"https:\/\/ambielectric.com\/#organization","name":"Ambielectric","url":"https:\/\/ambielectric.com\/","logo":{"@type":"ImageObject","inLanguage":"en-GB","@id":"https:\/\/ambielectric.com\/#\/schema\/logo\/image\/","url":"https:\/\/ambielectric.com\/wp-content\/uploads\/2022\/11\/logo.png","contentUrl":"https:\/\/ambielectric.com\/wp-content\/uploads\/2022\/11\/logo.png","width":232,"height":50,"caption":"Ambielectric"},"image":{"@id":"https:\/\/ambielectric.com\/#\/schema\/logo\/image\/"}}]}},"_links":{"self":[{"href":"https:\/\/ambielectric.com\/en\/wp-json\/wp\/v2\/product\/2973","targetHints":{"allow":["GET"]}}],"collection":[{"href":"https:\/\/ambielectric.com\/en\/wp-json\/wp\/v2\/product"}],"about":[{"href":"https:\/\/ambielectric.com\/en\/wp-json\/wp\/v2\/types\/product"}],"replies":[{"embeddable":true,"href":"https:\/\/ambielectric.com\/en\/wp-json\/wp\/v2\/comments?post=2973"}],"version-history":[{"count":1,"href":"https:\/\/ambielectric.com\/en\/wp-json\/wp\/v2\/product\/2973\/revisions"}],"predecessor-version":[{"id":2974,"href":"https:\/\/ambielectric.com\/en\/wp-json\/wp\/v2\/product\/2973\/revisions\/2974"}],"wp:featuredmedia":[{"embeddable":true,"href":"https:\/\/ambielectric.com\/en\/wp-json\/wp\/v2\/media\/5196"}],"wp:attachment":[{"href":"https:\/\/ambielectric.com\/en\/wp-json\/wp\/v2\/media?parent=2973"}],"wp:term":[{"taxonomy":"product_brand","embeddable":true,"href":"https:\/\/ambielectric.com\/en\/wp-json\/wp\/v2\/product_brand?post=2973"},{"taxonomy":"product_cat","embeddable":true,"href":"https:\/\/ambielectric.com\/en\/wp-json\/wp\/v2\/product_cat?post=2973"},{"taxonomy":"product_tag","embeddable":true,"href":"https:\/\/ambielectric.com\/en\/wp-json\/wp\/v2\/product_tag?post=2973"}],"curies":[{"name":"wp","href":"https:\/\/api.w.org\/{rel}","templated":true}]}}