{"id":318,"date":"2024-08-07T12:05:27","date_gmt":"2024-08-07T12:05:27","guid":{"rendered":"https:\/\/ambielectric.com\/?post_type=product&#038;p=318"},"modified":"2025-02-24T12:10:43","modified_gmt":"2025-02-24T12:10:43","slug":"kit-mascotas","status":"publish","type":"product","link":"https:\/\/ambielectric.com\/en\/product\/kit-mascotas\/","title":{"rendered":"Pet Kit"},"content":{"rendered":"<p>\u00bfEst\u00e1s cansado de esconder el olor de tu mascota con velas, sprays y ambientadores de<br \/>\ntodo tipo?<\/p>\n<p>\u00bfDesea una soluci\u00f3n inocua para su animal de compa\u00f1\u00eda?<\/p>\n<p>\u00a1Ambielectric Mascotas tiene la soluci\u00f3n!<\/p>\n<p>Ambielectric introduce en el mercado Animal FRESH, concebido para eliminar el mal olor<br \/>\nde las mascotas en el hogar.<\/p>\n<p><strong>Serving Instructions:<\/strong>:<\/p>\n<p>Animal Fresh est\u00e1 compuesto por un difusor PLUS y una recarga de 100 ml de las<br \/>\nfragancias disponibles para este kit:<\/p>\n<ul>\n<li>Neutrodor Mascotas: neutraliza el mal olor de las mascotas.<\/li>\n<li>Neutrodor Mascotas Citrus: Neutraliza el mal olor y ahuyenta insectos, dejando un<br \/>\nrefrescante olor a limpio.<\/li>\n<\/ul>\n<p><strong>Advantages<\/strong>:<\/p>\n<ul>\n<li>Olor fresco y limpio.<\/li>\n<li>Inocuo para las mascotas.<\/li>\n<li>Pr\u00e1ctico recambio.<\/li>\n<\/ul>","protected":false},"excerpt":{"rendered":"<p class=\"p1\">Composed of diffuser plus and 100ml refill with coverage up to 150m.<\/p>\n<p><strong>Duration<\/strong>: 30 days<\/p>","protected":false},"featured_media":321,"comment_status":"open","ping_status":"closed","template":"","meta":[],"product_brand":[],"product_cat":[28,33,32],"product_tag":[],"class_list":{"0":"post-318","1":"product","2":"type-product","3":"status-publish","4":"has-post-thumbnail","6":"product_cat-ambientadores","7":"product_cat-ambientadores-electricos","8":"product_cat-ambientadores-profesionales","10":"first","11":"instock","12":"taxable","13":"shipping-taxable","14":"product-type-variable"},"yoast_head":"<!-- This site is optimized with the Yoast SEO plugin v27.4 - https:\/\/yoast.com\/product\/yoast-seo-wordpress\/ -->\n<title>Kit Mascotas - Ambielectric<\/title>\n<meta name=\"robots\" content=\"index, follow, max-snippet:-1, max-image-preview:large, max-video-preview:-1\" \/>\n<link rel=\"canonical\" href=\"https:\/\/ambielectric.com\/en\/product\/kit-mascotas\/\" \/>\n<meta property=\"og:locale\" content=\"en_GB\" \/>\n<meta property=\"og:type\" content=\"article\" \/>\n<meta property=\"og:title\" content=\"Kit Mascotas - Ambielectric\" \/>\n<meta property=\"og:description\" content=\"Compuesto de difusor plus y recarga 100ml con cobertura de hasta 150m. Duraci\u00f3n: 30 d\u00edas\" \/>\n<meta property=\"og:url\" content=\"https:\/\/ambielectric.com\/en\/product\/kit-mascotas\/\" \/>\n<meta property=\"og:site_name\" content=\"Ambielectric\" \/>\n<meta property=\"article:modified_time\" content=\"2025-02-24T12:10:43+00:00\" \/>\n<meta property=\"og:image\" content=\"https:\/\/ambielectric.com\/wp-content\/uploads\/2023\/08\/kit-animal-1.jpg\" \/>\n\t<meta property=\"og:image:width\" content=\"1000\" \/>\n\t<meta property=\"og:image:height\" content=\"1000\" \/>\n\t<meta property=\"og:image:type\" content=\"image\/jpeg\" \/>\n<meta name=\"twitter:card\" content=\"summary_large_image\" \/>\n<meta name=\"twitter:label1\" content=\"Estimated reading time\" \/>\n\t<meta name=\"twitter:data1\" content=\"1 minute\" \/>\n<script type=\"application\/ld+json\" class=\"yoast-schema-graph\">{\"@context\":\"https:\\\/\\\/schema.org\",\"@graph\":[{\"@type\":\"WebPage\",\"@id\":\"https:\\\/\\\/ambielectric.com\\\/producto\\\/kit-mascotas\\\/\",\"url\":\"https:\\\/\\\/ambielectric.com\\\/producto\\\/kit-mascotas\\\/\",\"name\":\"Kit Mascotas - Ambielectric\",\"isPartOf\":{\"@id\":\"https:\\\/\\\/ambielectric.com\\\/#website\"},\"primaryImageOfPage\":{\"@id\":\"https:\\\/\\\/ambielectric.com\\\/producto\\\/kit-mascotas\\\/#primaryimage\"},\"image\":{\"@id\":\"https:\\\/\\\/ambielectric.com\\\/producto\\\/kit-mascotas\\\/#primaryimage\"},\"thumbnailUrl\":\"https:\\\/\\\/ambielectric.com\\\/wp-content\\\/uploads\\\/2023\\\/08\\\/kit-animal-1.jpg\",\"datePublished\":\"2024-08-07T12:05:27+00:00\",\"dateModified\":\"2025-02-24T12:10:43+00:00\",\"breadcrumb\":{\"@id\":\"https:\\\/\\\/ambielectric.com\\\/producto\\\/kit-mascotas\\\/#breadcrumb\"},\"inLanguage\":\"en-GB\",\"potentialAction\":[{\"@type\":\"ReadAction\",\"target\":[\"https:\\\/\\\/ambielectric.com\\\/producto\\\/kit-mascotas\\\/\"]}]},{\"@type\":\"ImageObject\",\"inLanguage\":\"en-GB\",\"@id\":\"https:\\\/\\\/ambielectric.com\\\/producto\\\/kit-mascotas\\\/#primaryimage\",\"url\":\"https:\\\/\\\/ambielectric.com\\\/wp-content\\\/uploads\\\/2023\\\/08\\\/kit-animal-1.jpg\",\"contentUrl\":\"https:\\\/\\\/ambielectric.com\\\/wp-content\\\/uploads\\\/2023\\\/08\\\/kit-animal-1.jpg\",\"width\":1000,\"height\":1000},{\"@type\":\"BreadcrumbList\",\"@id\":\"https:\\\/\\\/ambielectric.com\\\/producto\\\/kit-mascotas\\\/#breadcrumb\",\"itemListElement\":[{\"@type\":\"ListItem\",\"position\":1,\"name\":\"Portada\",\"item\":\"https:\\\/\\\/ambielectric.com\\\/\"},{\"@type\":\"ListItem\",\"position\":2,\"name\":\"Tienda\",\"item\":\"https:\\\/\\\/ambielectric.com\\\/?page_id=11\"},{\"@type\":\"ListItem\",\"position\":3,\"name\":\"Kit Mascotas\"}]},{\"@type\":\"WebSite\",\"@id\":\"https:\\\/\\\/ambielectric.com\\\/#website\",\"url\":\"https:\\\/\\\/ambielectric.com\\\/\",\"name\":\"Ambielectric\",\"description\":\"Ambielectric Especialistas en Aromatizaci\u00f3n de Espacios\",\"publisher\":{\"@id\":\"https:\\\/\\\/ambielectric.com\\\/#organization\"},\"potentialAction\":[{\"@type\":\"SearchAction\",\"target\":{\"@type\":\"EntryPoint\",\"urlTemplate\":\"https:\\\/\\\/ambielectric.com\\\/?s={search_term_string}\"},\"query-input\":{\"@type\":\"PropertyValueSpecification\",\"valueRequired\":true,\"valueName\":\"search_term_string\"}}],\"inLanguage\":\"en-GB\"},{\"@type\":\"Organization\",\"@id\":\"https:\\\/\\\/ambielectric.com\\\/#organization\",\"name\":\"Ambielectric\",\"url\":\"https:\\\/\\\/ambielectric.com\\\/\",\"logo\":{\"@type\":\"ImageObject\",\"inLanguage\":\"en-GB\",\"@id\":\"https:\\\/\\\/ambielectric.com\\\/#\\\/schema\\\/logo\\\/image\\\/\",\"url\":\"https:\\\/\\\/ambielectric.com\\\/wp-content\\\/uploads\\\/2022\\\/11\\\/logo.png\",\"contentUrl\":\"https:\\\/\\\/ambielectric.com\\\/wp-content\\\/uploads\\\/2022\\\/11\\\/logo.png\",\"width\":232,\"height\":50,\"caption\":\"Ambielectric\"},\"image\":{\"@id\":\"https:\\\/\\\/ambielectric.com\\\/#\\\/schema\\\/logo\\\/image\\\/\"}}]}<\/script>\n<!-- \/ Yoast SEO plugin. -->","yoast_head_json":{"title":"Kit Mascotas - Ambielectric","robots":{"index":"index","follow":"follow","max-snippet":"max-snippet:-1","max-image-preview":"max-image-preview:large","max-video-preview":"max-video-preview:-1"},"canonical":"https:\/\/ambielectric.com\/en\/product\/kit-mascotas\/","og_locale":"en_GB","og_type":"article","og_title":"Kit Mascotas - Ambielectric","og_description":"Compuesto de difusor plus y recarga 100ml con cobertura de hasta 150m. Duraci\u00f3n: 30 d\u00edas","og_url":"https:\/\/ambielectric.com\/en\/product\/kit-mascotas\/","og_site_name":"Ambielectric","article_modified_time":"2025-02-24T12:10:43+00:00","og_image":[{"width":1000,"height":1000,"url":"https:\/\/ambielectric.com\/wp-content\/uploads\/2023\/08\/kit-animal-1.jpg","type":"image\/jpeg"}],"twitter_card":"summary_large_image","twitter_misc":{"Estimated reading time":"1 minute"},"schema":{"@context":"https:\/\/schema.org","@graph":[{"@type":"WebPage","@id":"https:\/\/ambielectric.com\/producto\/kit-mascotas\/","url":"https:\/\/ambielectric.com\/producto\/kit-mascotas\/","name":"Kit Mascotas - Ambielectric","isPartOf":{"@id":"https:\/\/ambielectric.com\/#website"},"primaryImageOfPage":{"@id":"https:\/\/ambielectric.com\/producto\/kit-mascotas\/#primaryimage"},"image":{"@id":"https:\/\/ambielectric.com\/producto\/kit-mascotas\/#primaryimage"},"thumbnailUrl":"https:\/\/ambielectric.com\/wp-content\/uploads\/2023\/08\/kit-animal-1.jpg","datePublished":"2024-08-07T12:05:27+00:00","dateModified":"2025-02-24T12:10:43+00:00","breadcrumb":{"@id":"https:\/\/ambielectric.com\/producto\/kit-mascotas\/#breadcrumb"},"inLanguage":"en-GB","potentialAction":[{"@type":"ReadAction","target":["https:\/\/ambielectric.com\/producto\/kit-mascotas\/"]}]},{"@type":"ImageObject","inLanguage":"en-GB","@id":"https:\/\/ambielectric.com\/producto\/kit-mascotas\/#primaryimage","url":"https:\/\/ambielectric.com\/wp-content\/uploads\/2023\/08\/kit-animal-1.jpg","contentUrl":"https:\/\/ambielectric.com\/wp-content\/uploads\/2023\/08\/kit-animal-1.jpg","width":1000,"height":1000},{"@type":"BreadcrumbList","@id":"https:\/\/ambielectric.com\/producto\/kit-mascotas\/#breadcrumb","itemListElement":[{"@type":"ListItem","position":1,"name":"Portada","item":"https:\/\/ambielectric.com\/"},{"@type":"ListItem","position":2,"name":"Tienda","item":"https:\/\/ambielectric.com\/?page_id=11"},{"@type":"ListItem","position":3,"name":"Kit Mascotas"}]},{"@type":"WebSite","@id":"https:\/\/ambielectric.com\/#website","url":"https:\/\/ambielectric.com\/","name":"Ambielectric","description":"Ambielectric Especialistas en Aromatizaci\u00f3n de Espacios","publisher":{"@id":"https:\/\/ambielectric.com\/#organization"},"potentialAction":[{"@type":"SearchAction","target":{"@type":"EntryPoint","urlTemplate":"https:\/\/ambielectric.com\/?s={search_term_string}"},"query-input":{"@type":"PropertyValueSpecification","valueRequired":true,"valueName":"search_term_string"}}],"inLanguage":"en-GB"},{"@type":"Organization","@id":"https:\/\/ambielectric.com\/#organization","name":"Ambielectric","url":"https:\/\/ambielectric.com\/","logo":{"@type":"ImageObject","inLanguage":"en-GB","@id":"https:\/\/ambielectric.com\/#\/schema\/logo\/image\/","url":"https:\/\/ambielectric.com\/wp-content\/uploads\/2022\/11\/logo.png","contentUrl":"https:\/\/ambielectric.com\/wp-content\/uploads\/2022\/11\/logo.png","width":232,"height":50,"caption":"Ambielectric"},"image":{"@id":"https:\/\/ambielectric.com\/#\/schema\/logo\/image\/"}}]}},"_links":{"self":[{"href":"https:\/\/ambielectric.com\/en\/wp-json\/wp\/v2\/product\/318","targetHints":{"allow":["GET"]}}],"collection":[{"href":"https:\/\/ambielectric.com\/en\/wp-json\/wp\/v2\/product"}],"about":[{"href":"https:\/\/ambielectric.com\/en\/wp-json\/wp\/v2\/types\/product"}],"replies":[{"embeddable":true,"href":"https:\/\/ambielectric.com\/en\/wp-json\/wp\/v2\/comments?post=318"}],"version-history":[{"count":4,"href":"https:\/\/ambielectric.com\/en\/wp-json\/wp\/v2\/product\/318\/revisions"}],"predecessor-version":[{"id":5686,"href":"https:\/\/ambielectric.com\/en\/wp-json\/wp\/v2\/product\/318\/revisions\/5686"}],"wp:featuredmedia":[{"embeddable":true,"href":"https:\/\/ambielectric.com\/en\/wp-json\/wp\/v2\/media\/321"}],"wp:attachment":[{"href":"https:\/\/ambielectric.com\/en\/wp-json\/wp\/v2\/media?parent=318"}],"wp:term":[{"taxonomy":"product_brand","embeddable":true,"href":"https:\/\/ambielectric.com\/en\/wp-json\/wp\/v2\/product_brand?post=318"},{"taxonomy":"product_cat","embeddable":true,"href":"https:\/\/ambielectric.com\/en\/wp-json\/wp\/v2\/product_cat?post=318"},{"taxonomy":"product_tag","embeddable":true,"href":"https:\/\/ambielectric.com\/en\/wp-json\/wp\/v2\/product_tag?post=318"}],"curies":[{"name":"wp","href":"https:\/\/api.w.org\/{rel}","templated":true}]}}