{"id":350,"date":"2024-08-08T13:16:15","date_gmt":"2024-08-08T13:16:15","guid":{"rendered":"https:\/\/ambielectric.com\/?post_type=product&#038;p=350"},"modified":"2026-03-19T13:01:27","modified_gmt":"2026-03-19T13:01:27","slug":"kit-mosquitos-star","status":"publish","type":"product","link":"https:\/\/ambielectric.com\/en\/product\/kit-mosquitos-star\/","title":{"rendered":"Star Mosquito Kit"},"content":{"rendered":"<p>La soluci\u00f3n m\u00e1s efectiva contra los mosquitos, protege completamente un \u00e1rea de hasta 150 metros cuadrados de la presencia de estos insectos, diseminando adem\u00e1s un aroma con notas c\u00edtricas en toda la estancia. La soluci\u00f3n elegida por el comit\u00e9 ol\u00edmpico espa\u00f1ol en los juegos de Rio, ahora en su hogar.<\/p>","protected":false},"excerpt":{"rendered":"<p>Flying insect repeller with maximum effectiveness, consisting of a diffuser plus and 40ml refill with a coverage of up to 150m.<\/p>\n<p>Made with natural oils.<\/p>\n<p><strong>Duration<\/strong>: 30 days<\/p>","protected":false},"featured_media":6140,"comment_status":"open","ping_status":"closed","template":"","meta":[],"product_brand":[],"product_cat":[28,33],"product_tag":[],"class_list":{"0":"post-350","1":"product","2":"type-product","3":"status-publish","4":"has-post-thumbnail","6":"product_cat-ambientadores","7":"product_cat-ambientadores-electricos","9":"first","10":"instock","11":"taxable","12":"shipping-taxable","13":"product-type-simple"},"yoast_head":"<!-- This site is optimized with the Yoast SEO plugin v27.4 - https:\/\/yoast.com\/product\/yoast-seo-wordpress\/ -->\n<title>Kit Mosquitos Star - Ambielectric<\/title>\n<meta name=\"robots\" content=\"index, follow, max-snippet:-1, max-image-preview:large, max-video-preview:-1\" \/>\n<link rel=\"canonical\" href=\"https:\/\/ambielectric.com\/en\/product\/kit-mosquitos-star\/\" \/>\n<meta property=\"og:locale\" content=\"en_GB\" \/>\n<meta property=\"og:type\" content=\"article\" \/>\n<meta property=\"og:title\" content=\"Kit Mosquitos Star - Ambielectric\" \/>\n<meta property=\"og:description\" content=\"Ahuyentador para insectos voladores de m\u00e1xima eficacia, compuesto de difusor plus y recarga 40ml con cobertura de hasta 150m.  Elaborado con aceites naturales.  Duraci\u00f3n: 30 d\u00edas\" \/>\n<meta property=\"og:url\" content=\"https:\/\/ambielectric.com\/en\/product\/kit-mosquitos-star\/\" \/>\n<meta property=\"og:site_name\" content=\"Ambielectric\" \/>\n<meta property=\"article:modified_time\" content=\"2026-03-19T13:01:27+00:00\" \/>\n<meta property=\"og:image\" content=\"https:\/\/ambielectric.com\/wp-content\/uploads\/2024\/08\/mosquitos-star-1-26.jpg\" \/>\n\t<meta property=\"og:image:width\" content=\"1000\" \/>\n\t<meta property=\"og:image:height\" content=\"1000\" \/>\n\t<meta property=\"og:image:type\" content=\"image\/jpeg\" \/>\n<meta name=\"twitter:card\" content=\"summary_large_image\" \/>\n<meta name=\"twitter:label1\" content=\"Estimated reading time\" \/>\n\t<meta name=\"twitter:data1\" content=\"1 minute\" \/>\n<script type=\"application\/ld+json\" class=\"yoast-schema-graph\">{\"@context\":\"https:\\\/\\\/schema.org\",\"@graph\":[{\"@type\":\"WebPage\",\"@id\":\"https:\\\/\\\/ambielectric.com\\\/producto\\\/kit-mosquitos-star\\\/\",\"url\":\"https:\\\/\\\/ambielectric.com\\\/producto\\\/kit-mosquitos-star\\\/\",\"name\":\"Kit Mosquitos Star - Ambielectric\",\"isPartOf\":{\"@id\":\"https:\\\/\\\/ambielectric.com\\\/#website\"},\"primaryImageOfPage\":{\"@id\":\"https:\\\/\\\/ambielectric.com\\\/producto\\\/kit-mosquitos-star\\\/#primaryimage\"},\"image\":{\"@id\":\"https:\\\/\\\/ambielectric.com\\\/producto\\\/kit-mosquitos-star\\\/#primaryimage\"},\"thumbnailUrl\":\"https:\\\/\\\/ambielectric.com\\\/wp-content\\\/uploads\\\/2024\\\/08\\\/mosquitos-star-1-26.jpg\",\"datePublished\":\"2024-08-08T13:16:15+00:00\",\"dateModified\":\"2026-03-19T13:01:27+00:00\",\"breadcrumb\":{\"@id\":\"https:\\\/\\\/ambielectric.com\\\/producto\\\/kit-mosquitos-star\\\/#breadcrumb\"},\"inLanguage\":\"en-GB\",\"potentialAction\":[{\"@type\":\"ReadAction\",\"target\":[\"https:\\\/\\\/ambielectric.com\\\/producto\\\/kit-mosquitos-star\\\/\"]}]},{\"@type\":\"ImageObject\",\"inLanguage\":\"en-GB\",\"@id\":\"https:\\\/\\\/ambielectric.com\\\/producto\\\/kit-mosquitos-star\\\/#primaryimage\",\"url\":\"https:\\\/\\\/ambielectric.com\\\/wp-content\\\/uploads\\\/2024\\\/08\\\/mosquitos-star-1-26.jpg\",\"contentUrl\":\"https:\\\/\\\/ambielectric.com\\\/wp-content\\\/uploads\\\/2024\\\/08\\\/mosquitos-star-1-26.jpg\",\"width\":1000,\"height\":1000},{\"@type\":\"BreadcrumbList\",\"@id\":\"https:\\\/\\\/ambielectric.com\\\/producto\\\/kit-mosquitos-star\\\/#breadcrumb\",\"itemListElement\":[{\"@type\":\"ListItem\",\"position\":1,\"name\":\"Portada\",\"item\":\"https:\\\/\\\/ambielectric.com\\\/\"},{\"@type\":\"ListItem\",\"position\":2,\"name\":\"Tienda\",\"item\":\"https:\\\/\\\/ambielectric.com\\\/?page_id=11\"},{\"@type\":\"ListItem\",\"position\":3,\"name\":\"Kit Mosquitos Star\"}]},{\"@type\":\"WebSite\",\"@id\":\"https:\\\/\\\/ambielectric.com\\\/#website\",\"url\":\"https:\\\/\\\/ambielectric.com\\\/\",\"name\":\"Ambielectric\",\"description\":\"Ambielectric Especialistas en Aromatizaci\u00f3n de Espacios\",\"publisher\":{\"@id\":\"https:\\\/\\\/ambielectric.com\\\/#organization\"},\"potentialAction\":[{\"@type\":\"SearchAction\",\"target\":{\"@type\":\"EntryPoint\",\"urlTemplate\":\"https:\\\/\\\/ambielectric.com\\\/?s={search_term_string}\"},\"query-input\":{\"@type\":\"PropertyValueSpecification\",\"valueRequired\":true,\"valueName\":\"search_term_string\"}}],\"inLanguage\":\"en-GB\"},{\"@type\":\"Organization\",\"@id\":\"https:\\\/\\\/ambielectric.com\\\/#organization\",\"name\":\"Ambielectric\",\"url\":\"https:\\\/\\\/ambielectric.com\\\/\",\"logo\":{\"@type\":\"ImageObject\",\"inLanguage\":\"en-GB\",\"@id\":\"https:\\\/\\\/ambielectric.com\\\/#\\\/schema\\\/logo\\\/image\\\/\",\"url\":\"https:\\\/\\\/ambielectric.com\\\/wp-content\\\/uploads\\\/2022\\\/11\\\/logo.png\",\"contentUrl\":\"https:\\\/\\\/ambielectric.com\\\/wp-content\\\/uploads\\\/2022\\\/11\\\/logo.png\",\"width\":232,\"height\":50,\"caption\":\"Ambielectric\"},\"image\":{\"@id\":\"https:\\\/\\\/ambielectric.com\\\/#\\\/schema\\\/logo\\\/image\\\/\"}}]}<\/script>\n<!-- \/ Yoast SEO plugin. -->","yoast_head_json":{"title":"Kit Mosquitos Star - Ambielectric","robots":{"index":"index","follow":"follow","max-snippet":"max-snippet:-1","max-image-preview":"max-image-preview:large","max-video-preview":"max-video-preview:-1"},"canonical":"https:\/\/ambielectric.com\/en\/product\/kit-mosquitos-star\/","og_locale":"en_GB","og_type":"article","og_title":"Kit Mosquitos Star - Ambielectric","og_description":"Ahuyentador para insectos voladores de m\u00e1xima eficacia, compuesto de difusor plus y recarga 40ml con cobertura de hasta 150m.  Elaborado con aceites naturales.  Duraci\u00f3n: 30 d\u00edas","og_url":"https:\/\/ambielectric.com\/en\/product\/kit-mosquitos-star\/","og_site_name":"Ambielectric","article_modified_time":"2026-03-19T13:01:27+00:00","og_image":[{"width":1000,"height":1000,"url":"https:\/\/ambielectric.com\/wp-content\/uploads\/2024\/08\/mosquitos-star-1-26.jpg","type":"image\/jpeg"}],"twitter_card":"summary_large_image","twitter_misc":{"Estimated reading time":"1 minute"},"schema":{"@context":"https:\/\/schema.org","@graph":[{"@type":"WebPage","@id":"https:\/\/ambielectric.com\/producto\/kit-mosquitos-star\/","url":"https:\/\/ambielectric.com\/producto\/kit-mosquitos-star\/","name":"Kit Mosquitos Star - Ambielectric","isPartOf":{"@id":"https:\/\/ambielectric.com\/#website"},"primaryImageOfPage":{"@id":"https:\/\/ambielectric.com\/producto\/kit-mosquitos-star\/#primaryimage"},"image":{"@id":"https:\/\/ambielectric.com\/producto\/kit-mosquitos-star\/#primaryimage"},"thumbnailUrl":"https:\/\/ambielectric.com\/wp-content\/uploads\/2024\/08\/mosquitos-star-1-26.jpg","datePublished":"2024-08-08T13:16:15+00:00","dateModified":"2026-03-19T13:01:27+00:00","breadcrumb":{"@id":"https:\/\/ambielectric.com\/producto\/kit-mosquitos-star\/#breadcrumb"},"inLanguage":"en-GB","potentialAction":[{"@type":"ReadAction","target":["https:\/\/ambielectric.com\/producto\/kit-mosquitos-star\/"]}]},{"@type":"ImageObject","inLanguage":"en-GB","@id":"https:\/\/ambielectric.com\/producto\/kit-mosquitos-star\/#primaryimage","url":"https:\/\/ambielectric.com\/wp-content\/uploads\/2024\/08\/mosquitos-star-1-26.jpg","contentUrl":"https:\/\/ambielectric.com\/wp-content\/uploads\/2024\/08\/mosquitos-star-1-26.jpg","width":1000,"height":1000},{"@type":"BreadcrumbList","@id":"https:\/\/ambielectric.com\/producto\/kit-mosquitos-star\/#breadcrumb","itemListElement":[{"@type":"ListItem","position":1,"name":"Portada","item":"https:\/\/ambielectric.com\/"},{"@type":"ListItem","position":2,"name":"Tienda","item":"https:\/\/ambielectric.com\/?page_id=11"},{"@type":"ListItem","position":3,"name":"Kit Mosquitos Star"}]},{"@type":"WebSite","@id":"https:\/\/ambielectric.com\/#website","url":"https:\/\/ambielectric.com\/","name":"Ambielectric","description":"Ambielectric Especialistas en Aromatizaci\u00f3n de Espacios","publisher":{"@id":"https:\/\/ambielectric.com\/#organization"},"potentialAction":[{"@type":"SearchAction","target":{"@type":"EntryPoint","urlTemplate":"https:\/\/ambielectric.com\/?s={search_term_string}"},"query-input":{"@type":"PropertyValueSpecification","valueRequired":true,"valueName":"search_term_string"}}],"inLanguage":"en-GB"},{"@type":"Organization","@id":"https:\/\/ambielectric.com\/#organization","name":"Ambielectric","url":"https:\/\/ambielectric.com\/","logo":{"@type":"ImageObject","inLanguage":"en-GB","@id":"https:\/\/ambielectric.com\/#\/schema\/logo\/image\/","url":"https:\/\/ambielectric.com\/wp-content\/uploads\/2022\/11\/logo.png","contentUrl":"https:\/\/ambielectric.com\/wp-content\/uploads\/2022\/11\/logo.png","width":232,"height":50,"caption":"Ambielectric"},"image":{"@id":"https:\/\/ambielectric.com\/#\/schema\/logo\/image\/"}}]}},"_links":{"self":[{"href":"https:\/\/ambielectric.com\/en\/wp-json\/wp\/v2\/product\/350","targetHints":{"allow":["GET"]}}],"collection":[{"href":"https:\/\/ambielectric.com\/en\/wp-json\/wp\/v2\/product"}],"about":[{"href":"https:\/\/ambielectric.com\/en\/wp-json\/wp\/v2\/types\/product"}],"replies":[{"embeddable":true,"href":"https:\/\/ambielectric.com\/en\/wp-json\/wp\/v2\/comments?post=350"}],"version-history":[{"count":8,"href":"https:\/\/ambielectric.com\/en\/wp-json\/wp\/v2\/product\/350\/revisions"}],"predecessor-version":[{"id":6141,"href":"https:\/\/ambielectric.com\/en\/wp-json\/wp\/v2\/product\/350\/revisions\/6141"}],"wp:featuredmedia":[{"embeddable":true,"href":"https:\/\/ambielectric.com\/en\/wp-json\/wp\/v2\/media\/6140"}],"wp:attachment":[{"href":"https:\/\/ambielectric.com\/en\/wp-json\/wp\/v2\/media?parent=350"}],"wp:term":[{"taxonomy":"product_brand","embeddable":true,"href":"https:\/\/ambielectric.com\/en\/wp-json\/wp\/v2\/product_brand?post=350"},{"taxonomy":"product_cat","embeddable":true,"href":"https:\/\/ambielectric.com\/en\/wp-json\/wp\/v2\/product_cat?post=350"},{"taxonomy":"product_tag","embeddable":true,"href":"https:\/\/ambielectric.com\/en\/wp-json\/wp\/v2\/product_tag?post=350"}],"curies":[{"name":"wp","href":"https:\/\/api.w.org\/{rel}","templated":true}]}}